{"id":90,"date":"2024-04-16T18:14:49","date_gmt":"2024-04-16T16:14:49","guid":{"rendered":"https:\/\/ks.computerberater.de\/?page_id=90"},"modified":"2025-02-27T11:48:51","modified_gmt":"2025-02-27T10:48:51","slug":"ueber-mich","status":"publish","type":"page","link":"https:\/\/katharina-schwarzkopf.de\/?page_id=90","title":{"rendered":"\u00dcber mich"},"content":{"rendered":"<div data-colibri-id=\"90-c1\" class=\"style-458 style-local-90-c1 position-relative\">\n  <!---->\n  <div data-colibri-component=\"section\" data-colibri-id=\"90-c2\" id=\"custom\" class=\"h-section h-section-global-spacing d-flex align-items-lg-center align-items-md-center align-items-center style-459 style-local-90-c2 position-relative\">\n    <!---->\n    <!---->\n    <div class=\"h-section-grid-container h-section-boxed-container\">\n      <!---->\n      <div data-colibri-id=\"90-c3\" class=\"h-row-container gutters-row-lg-2 gutters-row-md-2 gutters-row-0 gutters-row-v-lg-2 gutters-row-v-md-2 gutters-row-v-2 style-460 style-local-90-c3 position-relative\">\n        <!---->\n        <div class=\"h-row justify-content-lg-center justify-content-md-center justify-content-center align-items-lg-stretch align-items-md-stretch align-items-stretch gutters-col-lg-2 gutters-col-md-2 gutters-col-0 gutters-col-v-lg-2 gutters-col-v-md-2 gutters-col-v-2\">\n          <!---->\n          <div class=\"h-column h-column-container d-flex h-col-lg-auto h-col-md-auto h-col-auto style-461-outer style-local-90-c4-outer\">\n            <div data-colibri-id=\"90-c4\" class=\"d-flex h-flex-basis h-column__inner h-px-lg-2 h-px-md-2 h-px-2 v-inner-lg-2 v-inner-md-2 v-inner-2 style-461 style-local-90-c4 position-relative\">\n              <!---->\n              <!---->\n              <div class=\"w-100 h-y-container h-column__content h-column__v-align flex-basis-100 align-self-lg-start align-self-md-start align-self-start\">\n                <!---->\n                <div data-colibri-id=\"90-c5\" class=\"h-text h-text-component style-462 style-local-90-c5 position-relative h-element\">\n                  <!---->\n                  <!---->\n                  <div class=\"\">\n                    <p>Mein Leben war und ist immer wieder gepr\u00e4gt von herausfordernden Situationen und Lebensumst\u00e4nden \u2013 Ich bin in der Ukraine geboren und aufgewachsenen, bevor meine Familie den Entschluss gefasst hat nach Deutschland zu ziehen. Zu diesem\n                      Zeitpunkt bin ich 16 Jahre alt gewesen und es ist mir zu Beginn nicht leicht gefallen mich in einem fremden Land und einem fremden Schulsystem zurechtzufinden \u2013 und eine neue Sprache zu lernen. Ich neige aber nicht dazu den Kopf\n                      in den Sand zu stecken, sondern positiv auf das vor mir Liegende zu blicken. <\/p>\n                    <p>\n                      <br>\n                    <\/p>\n                    <p>W\u00e4hrend meines Studiums in Kassel habe ich meinen ersten Mann kennengelernt und bin fr\u00fch Mutter geworden. Der Spagat zwischen Studium und Mutter sein sowie Ehefrau ist meine n\u00e4chste Herausforderung gewesen. Gegen Ende meines Studiums\n                      habe ich mein zweites Kind bekommen. Mit zwei kleinen Kindern und einer mittlerweile nicht mehr gut funktionierenden Ehe bin ich von Hessen nach Nordrhein-Westfalen gezogen, um an meiner heutigen Schule zu arbeiten. <\/p>\n                    <p>Nach zw\u00f6lf Jahren Ehe habe ich mich scheiden lassen, was ein schmerzhafter Prozess war. Alles, was ich mir und meinen Kindern aufgebaut hatte zerfiel und wir mussten gemeinsam einen Neuanfang starten. Neben meiner Rolle als Mutter\n                      und Alleinverdienerin bin ich zu diesem Zeitpunkt auch in eine Krise mit mir selbst geraten: Wer bin ich? Was erwarte ich vom Leben? Von mir? Welches Leben m\u00f6chte ich f\u00fchren? Bin ich eine gute Mutter? Dem nicht gen\u00fcge tuend, erkrankte\n                      ich ernsthaft und habe eine Fehlgeburt erlitten. <\/p>\n                    <p>\n                      <br>\n                    <\/p>\n                    <p>All diese Erfahrungen haben mich zu dem Menschen gemacht, der ich heute bin. Mein Glaube an Gott, aber auch an das Gute im Leben hat mir die Kraft gegeben, heute ein erf\u00fclltes und zufriedenes Leben gestalten zu k\u00f6nnen: Ich bin gesund,\n                      lebe in einer neuen Ehe und unsere Patchworkfamilie w\u00e4chst jeden Tag mehr zusammen. Ebenso ist mir klar geworden, was mir wirklich wichtig ist und ich achte nun auch auf meine W\u00fcnsche und Bed\u00fcrfnisse. Ich habe mich in der Vergangenheit\n                      viel zu oft hinten an gestellt, damit es den Menschen um mich herum gut geht. Dabei habe ich mich aus den Augen verloren und stolperte in eine Reihe von Krisen. <\/p>\n                    <p>\n                      <br>\n                    <\/p>\n                    <p>Meine Erfahrungswerte aus der Vergangenheit haben mich darin best\u00e4rkt andere Menschen in herausfordernden Lebenssituationen unterst\u00fctzen zu wollen und habe mich zielgerichtet weitergebildet. Gern m\u00f6chte ich dich auf deinem Weg begleiten\n                      und dir Alternativen aufzeigen, die dich dabei unterst\u00fctzen, dich selbst zu sp\u00fcren und zu dir zur\u00fcck zu finden. Schreib mir gerne deine Lebensgeschichte oder dein Anliegen. Ich bin gerne f\u00fcr dich da. <\/p>\n                  <\/div>\n                <\/div>\n              <\/div>\n            <\/div>\n          <\/div>\n        <\/div>\n      <\/div>\n    <\/div>\n  <\/div>\n  <div data-colibri-component=\"section\" data-colibri-id=\"90-c6\" id=\"custom-2\" class=\"h-section h-section-global-spacing d-flex align-items-lg-center align-items-md-center align-items-center style-463 style-local-90-c6 position-relative\">\n    <!---->\n    <!---->\n    <div class=\"h-section-grid-container h-section-boxed-container\">\n      <!---->\n      <div data-colibri-id=\"90-c7\" class=\"h-row-container gutters-row-lg-2 gutters-row-md-2 gutters-row-0 gutters-row-v-lg-2 gutters-row-v-md-2 gutters-row-v-2 style-464 style-local-90-c7 position-relative\">\n        <!---->\n        <div class=\"h-row justify-content-lg-center justify-content-md-center justify-content-center align-items-lg-stretch align-items-md-stretch align-items-stretch gutters-col-lg-2 gutters-col-md-2 gutters-col-0 gutters-col-v-lg-2 gutters-col-v-md-2 gutters-col-v-2\">\n          <!---->\n          <div class=\"h-column h-column-container d-flex h-col-lg-auto h-col-md-auto h-col-auto style-465-outer style-local-90-c8-outer\">\n            <div data-colibri-id=\"90-c8\" class=\"d-flex h-flex-basis h-column__inner h-px-lg-2 h-px-md-2 h-px-2 v-inner-lg-2 v-inner-md-2 v-inner-2 style-465 style-local-90-c8 position-relative\">\n              <!---->\n              <!---->\n              <div class=\"w-100 h-y-container h-column__content h-column__v-align flex-basis-100 align-self-lg-start align-self-md-start align-self-start\">\n                <!---->\n                <div data-colibri-id=\"90-c9\" class=\"h-lead h-text h-text-component style-468 style-local-90-c9 position-relative h-element\">\n                  <!---->\n                  <!---->\n                  <div class=\"\">\n                    <p>Kontakt:<\/p>\n                  <\/div>\n                <\/div>\n                <div data-colibri-id=\"90-c10\" class=\"h-lead h-text h-text-component style-467 style-local-90-c10 position-relative h-element\">\n                  <!---->\n                  <!---->\n                  <div class=\"\">\n                    <p><span style=\"font-weight: 300; font-size: 20px; font-family: &quot;Open Sans&quot;; color: rgb(37, 41, 42);\">Termine nach Vereinbarung<\/span>\n                      <br>\n                      <br><span style=\"font-weight: 300; font-size: 20px; font-family: &quot;Open Sans&quot;; color: rgb(37, 41, 42);\">Mail: info@katharina-schwarzkopf.de<\/span>\n                      <br><span style=\"font-weight: 300; font-size: 20px; font-family: &quot;Open Sans&quot;; color: rgb(37, 41, 42);\">Tel:&nbsp;01577 \u2013 87 97 927<\/span><\/p>\n                  <\/div>\n                <\/div>\n              <\/div>\n            <\/div>\n          <\/div>\n          <div class=\"h-column h-column-container d-flex h-col-lg-auto h-col-md-auto h-col-auto style-466-outer style-local-90-c11-outer\">\n            <div data-colibri-id=\"90-c11\" class=\"d-flex h-flex-basis h-column__inner h-px-lg-2 h-px-md-2 h-px-2 v-inner-lg-2 v-inner-md-2 v-inner-2 style-466 style-local-90-c11 position-relative\">\n              <!---->\n              <!---->\n              <div class=\"w-100 h-y-container h-column__content h-column__v-align flex-basis-100 align-self-lg-start align-self-md-start align-self-start\">\n                <!---->\n                <div data-colibri-id=\"90-c12\" class=\"h-lead h-text h-text-component style-469 style-local-90-c12 position-relative h-element\">\n                  <!---->\n                  <!---->\n                  <div class=\"\">\n                    <p>Rechtliches:<\/p>\n                  <\/div>\n                <\/div>\n                <div data-colibri-id=\"90-c13\" class=\"h-x-container style-470 style-local-90-c13 position-relative h-element\">\n                  <!---->\n                  <div class=\"h-x-container-inner style-dynamic-90-c13-group style-470-spacing style-local-90-c13-spacing\"><span class=\"h-link__outer style-471-outer style-local-90-c14-outer d-inline-flex h-element\"><a h-use-smooth-scroll=\"true\" href=\"https:\/\/katharina-schwarzkopf.de\/?page_id=650\"  data-colibri-id=\"90-c14\" class=\"d-flex w-100 align-items-center h-link style-471 style-local-90-c14 position-relative\"><!----><span  class=\"h-svg-icon h-link__icon style-471-icon style-local-90-c14-icon\"><!--Icon by Font Awesome (https:\/\/fontawesome.com)-->\n    <svg version=\"1.1\" xmlns=\"http:\/\/www.w3.org\/2000\/svg\" xmlns:xlink=\"http:\/\/www.w3.org\/1999\/xlink\" id=\"angle-double-right\" viewBox=\"0 0 1024 1896.0833\">\n      <path d=\"M595 960q0 13-10 23l-466 466q-10 10-23 10t-23-10l-50-50q-10-10-10-23t10-23l393-393L23 567q-10-10-10-23t10-23l50-50q10-10 23-10t23 10l466 466q10 10 10 23zm384 0q0 13-10 23l-466 466q-10 10-23 10t-23-10l-50-50q-10-10-10-23t10-23l393-393-393-393q-10-10-10-23t10-23l50-50q10-10 23-10t23 10l466 466q10 10 10 23z\"><\/path>\n    <\/svg><\/span> <span>Impressum<\/span><\/a>\n                    <\/span>\n                  <\/div>\n                <\/div>\n                <div data-colibri-id=\"90-c15\" class=\"h-x-container style-472 style-local-90-c15 position-relative h-element\">\n                  <!---->\n                  <div class=\"h-x-container-inner style-dynamic-90-c15-group style-472-spacing style-local-90-c15-spacing\"><span class=\"h-link__outer style-473-outer style-local-90-c16-outer d-inline-flex h-element\"><a h-use-smooth-scroll=\"true\" href=\"https:\/\/katharina-schwarzkopf.de\/?page_id=659\"  data-colibri-id=\"90-c16\" class=\"d-flex w-100 align-items-center h-link style-473 style-local-90-c16 position-relative\"><!----><span  class=\"h-svg-icon h-link__icon style-473-icon style-local-90-c16-icon\"><!--Icon by Font Awesome (https:\/\/fontawesome.com)-->\n    <svg version=\"1.1\" xmlns=\"http:\/\/www.w3.org\/2000\/svg\" xmlns:xlink=\"http:\/\/www.w3.org\/1999\/xlink\" id=\"angle-double-right\" viewBox=\"0 0 1024 1896.0833\">\n      <path d=\"M595 960q0 13-10 23l-466 466q-10 10-23 10t-23-10l-50-50q-10-10-10-23t10-23l393-393L23 567q-10-10-10-23t10-23l50-50q10-10 23-10t23 10l466 466q10 10 10 23zm384 0q0 13-10 23l-466 466q-10 10-23 10t-23-10l-50-50q-10-10-10-23t10-23l393-393-393-393q-10-10-10-23t10-23l50-50q10-10 23-10t23 10l466 466q10 10 10 23z\"><\/path>\n    <\/svg><\/span> <span>Datenschutz<\/span><\/a>\n                    <\/span>\n                  <\/div>\n                <\/div>\n              <\/div>\n            <\/div>\n          <\/div>\n        <\/div>\n      <\/div>\n    <\/div>\n  <\/div>\n<\/div>","protected":false},"excerpt":{"rendered":"<p>Mein Leben war und ist immer wieder gepr\u00e4gt von herausfordernden Situationen und Lebensumst\u00e4nden \u2013 Ich bin in der Ukraine geboren und aufgewachsenen, bevor meine Familie den Entschluss gefasst hat nach Deutschland zu ziehen. Zu diesem Zeitpunkt bin ich 16 Jahre alt gewesen und es ist mir zu Beginn nicht leicht gefallen mich in einem fremden [&hellip;]<\/p>\n","protected":false},"author":1,"featured_media":0,"parent":0,"menu_order":0,"comment_status":"closed","ping_status":"closed","template":"page-templates\/full-width-page.php","meta":{"footnotes":""},"class_list":["post-90","page","type-page","status-publish","hentry"],"_links":{"self":[{"href":"https:\/\/katharina-schwarzkopf.de\/index.php?rest_route=\/wp\/v2\/pages\/90","targetHints":{"allow":["GET"]}}],"collection":[{"href":"https:\/\/katharina-schwarzkopf.de\/index.php?rest_route=\/wp\/v2\/pages"}],"about":[{"href":"https:\/\/katharina-schwarzkopf.de\/index.php?rest_route=\/wp\/v2\/types\/page"}],"author":[{"embeddable":true,"href":"https:\/\/katharina-schwarzkopf.de\/index.php?rest_route=\/wp\/v2\/users\/1"}],"replies":[{"embeddable":true,"href":"https:\/\/katharina-schwarzkopf.de\/index.php?rest_route=%2Fwp%2Fv2%2Fcomments&post=90"}],"version-history":[{"count":11,"href":"https:\/\/katharina-schwarzkopf.de\/index.php?rest_route=\/wp\/v2\/pages\/90\/revisions"}],"predecessor-version":[{"id":1417,"href":"https:\/\/katharina-schwarzkopf.de\/index.php?rest_route=\/wp\/v2\/pages\/90\/revisions\/1417"}],"wp:attachment":[{"href":"https:\/\/katharina-schwarzkopf.de\/index.php?rest_route=%2Fwp%2Fv2%2Fmedia&parent=90"}],"curies":[{"name":"wp","href":"https:\/\/api.w.org\/{rel}","templated":true}]}}