{"id":892,"date":"2024-05-08T17:28:02","date_gmt":"2024-05-08T15:28:02","guid":{"rendered":"https:\/\/ks.computerberater.de\/?page_id=892"},"modified":"2024-06-18T20:50:37","modified_gmt":"2024-06-18T18:50:37","slug":"mensch-sein","status":"publish","type":"page","link":"https:\/\/katharina-schwarzkopf.de\/?page_id=892","title":{"rendered":"Mensch sein"},"content":{"rendered":"<div data-colibri-id=\"892-c1\" class=\"style-603 style-local-892-c1 position-relative\">\n  <!---->\n  <div data-colibri-component=\"section\" data-colibri-id=\"892-c2\" id=\"custom\" class=\"h-section h-section-global-spacing d-flex align-items-lg-center align-items-md-center align-items-center style-604 style-local-892-c2 position-relative\">\n    <!---->\n    <!---->\n    <div class=\"h-section-grid-container h-section-boxed-container\">\n      <!---->\n      <div data-colibri-id=\"892-c3\" class=\"h-row-container gutters-row-lg-2 gutters-row-md-2 gutters-row-0 gutters-row-v-lg-2 gutters-row-v-md-2 gutters-row-v-2 style-607 style-local-892-c3 position-relative\">\n        <!---->\n        <div class=\"h-row justify-content-lg-center justify-content-md-center justify-content-center align-items-lg-stretch align-items-md-stretch align-items-stretch gutters-col-lg-2 gutters-col-md-2 gutters-col-0 gutters-col-v-lg-2 gutters-col-v-md-2 gutters-col-v-2\">\n          <!---->\n          <div class=\"h-column h-column-container d-flex h-col-lg-auto h-col-md-auto h-col-auto style-608-outer style-local-892-c4-outer\">\n            <div data-colibri-id=\"892-c4\" class=\"d-flex h-flex-basis h-column__inner h-px-lg-2 h-px-md-2 h-px-2 v-inner-lg-2 v-inner-md-2 v-inner-2 style-608 style-local-892-c4 position-relative\">\n              <!---->\n              <!---->\n              <div class=\"w-100 h-y-container h-column__content h-column__v-align flex-basis-100 align-self-lg-start align-self-md-start align-self-start\">\n                <!---->\n                <div data-colibri-id=\"892-c5\" class=\"h-text h-text-component style-609 style-local-892-c5 position-relative h-element\">\n                  <!---->\n                  <!---->\n                  <div class=\"\">\n                    <ul>\n                      <li>Gef\u00fchle und Emotionen machen uns, Menschen, lebendig!<\/li>\n                      <li>Sch\u00e4tzungsweise sind es 70.000 Gedanken pro Tag, die sowohl angenehme als auch unangenehme Emotionen hervorrufen.<\/li>\n                      <li>Ob du m\u00f6chtest oder nicht sind unsere Emotionen ein \u00e4u\u00dferst wichtiges Kommunikationsmittel: kleine und gro\u00dfe Hinweise f\u00fcr unsere W\u00fcnsche und Sehns\u00fcchte. Entscheidend ist, dass wir das, was wir f\u00fchlen nicht nur wahr- sondern auch\n                        ernstnehmen.<\/li>\n                      <li>Gesunder Umgang mit Emotionen verhilft uns zum ges\u00fcnderen, gl\u00fccklicheren Leben.<\/li>\n                      <li>Im beratenden Gespr\u00e4ch besprechen wir wie Du mit deinen Gef\u00fchlen umgehst und das gesamte Spektrum an (un)erw\u00fcnschten Emotionen annehmen lernst. Vergiss nicht, dein Gef\u00fchlsfeuerwerk steht dir zu und darf dich lebenslang begleiten.<\/li>\n                    <\/ul>\n                  <\/div>\n                <\/div>\n                <div data-colibri-id=\"892-c6\" class=\"h-x-container style-610 style-local-892-c6 position-relative h-element\">\n                  <!---->\n                  <div class=\"h-x-container-inner style-dynamic-892-c6-group style-610-spacing style-local-892-c6-spacing\"><span class=\"h-button__outer style-611-outer style-local-892-c7-outer d-inline-flex h-element\"><a h-use-smooth-scroll=\"true\" href=\"https:\/\/katharina-schwarzkopf.de\/?page_id=114\"  data-colibri-id=\"892-c7\" class=\"d-flex w-100 align-items-center h-button justify-content-lg-center justify-content-md-center justify-content-center style-611 style-local-892-c7 position-relative\"><!----><!----> <span>zur\u00fcck<\/span><\/a>\n                    <\/span>\n                  <\/div>\n                <\/div>\n              <\/div>\n            <\/div>\n          <\/div>\n        <\/div>\n      <\/div>\n    <\/div>\n  <\/div>\n<\/div>","protected":false},"excerpt":{"rendered":"<p>Gef\u00fchle und Emotionen machen uns, Menschen, lebendig! Sch\u00e4tzungsweise sind es 70.000 Gedanken pro Tag, die sowohl angenehme als auch unangenehme Emotionen hervorrufen. Ob du m\u00f6chtest oder nicht sind unsere Emotionen ein \u00e4u\u00dferst wichtiges Kommunikationsmittel: kleine und gro\u00dfe Hinweise f\u00fcr unsere W\u00fcnsche und Sehns\u00fcchte. Entscheidend ist, dass wir das, was wir f\u00fchlen nicht nur wahr- sondern [&hellip;]<\/p>\n","protected":false},"author":1,"featured_media":0,"parent":0,"menu_order":0,"comment_status":"closed","ping_status":"closed","template":"page-templates\/full-width-page.php","meta":{"footnotes":""},"class_list":["post-892","page","type-page","status-publish","hentry"],"_links":{"self":[{"href":"https:\/\/katharina-schwarzkopf.de\/index.php?rest_route=\/wp\/v2\/pages\/892","targetHints":{"allow":["GET"]}}],"collection":[{"href":"https:\/\/katharina-schwarzkopf.de\/index.php?rest_route=\/wp\/v2\/pages"}],"about":[{"href":"https:\/\/katharina-schwarzkopf.de\/index.php?rest_route=\/wp\/v2\/types\/page"}],"author":[{"embeddable":true,"href":"https:\/\/katharina-schwarzkopf.de\/index.php?rest_route=\/wp\/v2\/users\/1"}],"replies":[{"embeddable":true,"href":"https:\/\/katharina-schwarzkopf.de\/index.php?rest_route=%2Fwp%2Fv2%2Fcomments&post=892"}],"version-history":[{"count":4,"href":"https:\/\/katharina-schwarzkopf.de\/index.php?rest_route=\/wp\/v2\/pages\/892\/revisions"}],"predecessor-version":[{"id":1244,"href":"https:\/\/katharina-schwarzkopf.de\/index.php?rest_route=\/wp\/v2\/pages\/892\/revisions\/1244"}],"wp:attachment":[{"href":"https:\/\/katharina-schwarzkopf.de\/index.php?rest_route=%2Fwp%2Fv2%2Fmedia&parent=892"}],"curies":[{"name":"wp","href":"https:\/\/api.w.org\/{rel}","templated":true}]}}