{"id":883,"date":"2024-05-08T17:26:45","date_gmt":"2024-05-08T15:26:45","guid":{"rendered":"https:\/\/ks.computerberater.de\/?page_id=883"},"modified":"2024-06-18T20:54:06","modified_gmt":"2024-06-18T18:54:06","slug":"selbstwirksamkeit","status":"publish","type":"page","link":"https:\/\/katharina-schwarzkopf.de\/?page_id=883","title":{"rendered":"Selbstwirksamkeit"},"content":{"rendered":"<div data-colibri-id=\"883-c1\" class=\"style-594 style-local-883-c1 position-relative\">\n  <!---->\n  <div data-colibri-component=\"section\" data-colibri-id=\"883-c2\" id=\"custom\" class=\"h-section h-section-global-spacing d-flex align-items-lg-center align-items-md-center align-items-center style-595 style-local-883-c2 position-relative\">\n    <!---->\n    <!---->\n    <div class=\"h-section-grid-container h-section-boxed-container\">\n      <!---->\n      <div data-colibri-id=\"883-c3\" class=\"h-row-container gutters-row-lg-2 gutters-row-md-2 gutters-row-0 gutters-row-v-lg-2 gutters-row-v-md-2 gutters-row-v-2 style-598 style-local-883-c3 position-relative\">\n        <!---->\n        <div class=\"h-row justify-content-lg-center justify-content-md-center justify-content-center align-items-lg-stretch align-items-md-stretch align-items-stretch gutters-col-lg-2 gutters-col-md-2 gutters-col-0 gutters-col-v-lg-2 gutters-col-v-md-2 gutters-col-v-2\">\n          <!---->\n          <div class=\"h-column h-column-container d-flex h-col-lg-auto h-col-md-auto h-col-auto style-599-outer style-local-883-c4-outer\">\n            <div data-colibri-id=\"883-c4\" class=\"d-flex h-flex-basis h-column__inner h-px-lg-2 h-px-md-2 h-px-2 v-inner-lg-2 v-inner-md-2 v-inner-2 style-599 style-local-883-c4 position-relative\">\n              <!---->\n              <!---->\n              <div class=\"w-100 h-y-container h-column__content h-column__v-align flex-basis-100 align-self-lg-start align-self-md-start align-self-start\">\n                <!---->\n                <div data-colibri-id=\"883-c5\" class=\"h-text h-text-component style-600 style-local-883-c5 position-relative h-element\">\n                  <!---->\n                  <!---->\n                  <div class=\"\">\n                    <ul>\n                      <li>Selbstvertrauen st\u00e4rken<\/li>\n                      <li>Erfolge erkennen<\/li>\n                      <li>Herausforderungen mit Bravour meistern<\/li>\n                      <li>Talente entdecken<\/li>\n                      <li>neue Kraft und Energie sch\u00f6pfen<\/li>\n                      <li>Berufung finden<\/li>\n                      <li>Wohlstand genie\u00dfen<\/li>\n                      <li>Leben leben&nbsp;<\/li>\n                      <li>aktiv spenden&nbsp;<\/li>\n                      <li>Jeder Mensch kann wundervolle Werke kreieren, das, was ihm am Herzen liegt. Dieses K\u00f6nnen erlauben sich wenige Menschen; einen eigenen Weg zu gehen f\u00e4llt den meisten Menschen schwer.<\/li>\n                      <li>Wenn du bei alldem, was du tust, keine Freude versp\u00fcrst, ist es an der Zeit dein K\u00f6nnen ans Licht zu bringen.<\/li>\n                    <\/ul>\n                  <\/div>\n                <\/div>\n                <div data-colibri-id=\"883-c6\" class=\"h-x-container style-601 style-local-883-c6 position-relative h-element\">\n                  <!---->\n                  <div class=\"h-x-container-inner style-dynamic-883-c6-group style-601-spacing style-local-883-c6-spacing\"><span class=\"h-button__outer style-602-outer style-local-883-c7-outer d-inline-flex h-element\"><a h-use-smooth-scroll=\"true\" href=\"https:\/\/katharina-schwarzkopf.de\/?page_id=114\"  data-colibri-id=\"883-c7\" class=\"d-flex w-100 align-items-center h-button justify-content-lg-center justify-content-md-center justify-content-center style-602 style-local-883-c7 position-relative\"><!----><!----> <span>Zur\u00fcck<\/span><\/a>\n                    <\/span>\n                  <\/div>\n                <\/div>\n              <\/div>\n            <\/div>\n          <\/div>\n        <\/div>\n      <\/div>\n    <\/div>\n  <\/div>\n<\/div>","protected":false},"excerpt":{"rendered":"<p>Selbstvertrauen st\u00e4rken Erfolge erkennen Herausforderungen mit Bravour meistern Talente entdecken neue Kraft und Energie sch\u00f6pfen Berufung finden Wohlstand genie\u00dfen Leben leben&nbsp; aktiv spenden&nbsp; Jeder Mensch kann wundervolle Werke kreieren, das, was ihm am Herzen liegt. Dieses K\u00f6nnen erlauben sich wenige Menschen; einen eigenen Weg zu gehen f\u00e4llt den meisten Menschen schwer. Wenn du bei alldem, [&hellip;]<\/p>\n","protected":false},"author":1,"featured_media":0,"parent":0,"menu_order":0,"comment_status":"closed","ping_status":"closed","template":"page-templates\/full-width-page.php","meta":{"footnotes":""},"class_list":["post-883","page","type-page","status-publish","hentry"],"_links":{"self":[{"href":"https:\/\/katharina-schwarzkopf.de\/index.php?rest_route=\/wp\/v2\/pages\/883","targetHints":{"allow":["GET"]}}],"collection":[{"href":"https:\/\/katharina-schwarzkopf.de\/index.php?rest_route=\/wp\/v2\/pages"}],"about":[{"href":"https:\/\/katharina-schwarzkopf.de\/index.php?rest_route=\/wp\/v2\/types\/page"}],"author":[{"embeddable":true,"href":"https:\/\/katharina-schwarzkopf.de\/index.php?rest_route=\/wp\/v2\/users\/1"}],"replies":[{"embeddable":true,"href":"https:\/\/katharina-schwarzkopf.de\/index.php?rest_route=%2Fwp%2Fv2%2Fcomments&post=883"}],"version-history":[{"count":4,"href":"https:\/\/katharina-schwarzkopf.de\/index.php?rest_route=\/wp\/v2\/pages\/883\/revisions"}],"predecessor-version":[{"id":1265,"href":"https:\/\/katharina-schwarzkopf.de\/index.php?rest_route=\/wp\/v2\/pages\/883\/revisions\/1265"}],"wp:attachment":[{"href":"https:\/\/katharina-schwarzkopf.de\/index.php?rest_route=%2Fwp%2Fv2%2Fmedia&parent=883"}],"curies":[{"name":"wp","href":"https:\/\/api.w.org\/{rel}","templated":true}]}}