{"id":874,"date":"2024-05-08T17:24:54","date_gmt":"2024-05-08T15:24:54","guid":{"rendered":"https:\/\/ks.computerberater.de\/?page_id=874"},"modified":"2024-05-08T17:32:09","modified_gmt":"2024-05-08T15:32:09","slug":"beziehungen","status":"publish","type":"page","link":"https:\/\/katharina-schwarzkopf.de\/?page_id=874","title":{"rendered":"Beziehungen"},"content":{"rendered":"<div data-colibri-id=\"874-c1\" class=\"style-578 style-local-874-c1 position-relative\">\n  <!---->\n  <div data-colibri-component=\"section\" data-colibri-id=\"874-c2\" id=\"custom\" class=\"h-section h-section-global-spacing d-flex align-items-lg-center align-items-md-center align-items-center style-579 style-local-874-c2 position-relative\">\n    <!---->\n    <!---->\n    <div class=\"h-section-grid-container h-section-boxed-container\">\n      <!---->\n      <div data-colibri-id=\"874-c3\" class=\"h-row-container gutters-row-lg-2 gutters-row-md-2 gutters-row-0 gutters-row-v-lg-2 gutters-row-v-md-2 gutters-row-v-2 style-582 style-local-874-c3 position-relative\">\n        <!---->\n        <div class=\"h-row justify-content-lg-center justify-content-md-center justify-content-center align-items-lg-stretch align-items-md-stretch align-items-stretch gutters-col-lg-2 gutters-col-md-2 gutters-col-0 gutters-col-v-lg-2 gutters-col-v-md-2 gutters-col-v-2\">\n          <!---->\n          <div class=\"h-column h-column-container d-flex h-col-lg-auto h-col-md-auto h-col-auto style-583-outer style-local-874-c4-outer\">\n            <div data-colibri-id=\"874-c4\" class=\"d-flex h-flex-basis h-column__inner h-px-lg-2 h-px-md-2 h-px-2 v-inner-lg-2 v-inner-md-2 v-inner-2 style-583 style-local-874-c4 position-relative\">\n              <!---->\n              <!---->\n              <div class=\"w-100 h-y-container h-column__content h-column__v-align flex-basis-100 align-self-lg-start align-self-md-start align-self-start\">\n                <!---->\n                <div data-colibri-id=\"874-c5\" class=\"h-text h-text-component style-585 style-local-874-c5 position-relative h-element\">\n                  <!---->\n                  <!---->\n                  <div class=\"\">\n                    <ul>\n                      <li>Das Beziehungsspektrum ist bei uns Menschen sehr gro\u00df. Selbst wenn wir unsere Berufung nicht finden, die Arbeit stresst und unsere Gef\u00fchle verr\u00fccktspielen &#8211; die Lieblingsmenschen sind f\u00fcr uns da und nehmen uns so an wie wir sind.\n                        So einfach ist es in den Beziehungen: Annahme und Mitgef\u00fchl. Mehr braucht man gar nicht.<\/li>\n                    <\/ul>\n                    <p>\n                      <br>\n                    <\/p>\n                    <ul>\n                      <li>Unsere Realit\u00e4t sieht ein wenig anders aus. Nicht jeder Lieblingsmensch kann seine Liebe gegen\u00fcber dem anderen zeigen. Erfahrungen aus der Vergangenheit, emotionale Verletzungen, soziales Umfeld hindern uns oft daran gesunde Beziehungen\n                        einzugehen und zu pflegen.<\/li>\n                    <\/ul>\n                    <p>\n                      <br>\n                    <\/p>\n                    <ul>\n                      <li>Meine Beratung unterst\u00fctzt dich im Beziehungschaos. Durch das beratende Gespr\u00e4ch findest du f\u00fcr dich neue Impulse, wieder im Einklang mit deinen Lieblingsmenschen zu leben.<\/li>\n                      <li>Lieblingsmensch in sich finden (sich lieben lernen)<\/li>\n                      <li>Lieblingsmensch finden (Partnersuche)<\/li>\n                      <li>Lieblingsmensch nicht verlieren (Krisen in der Partnerschaft, Ehekrisen)<\/li>\n                      <li>Lieblingsmensch loslassen ( Trennung, Scheidung, Verlust eines Familienangeh\u00f6rigen)<\/li>\n                      <li>Kinder als Lieblingsmenschen (Erziehungsprobleme, Schulstress)<\/li>\n                      <li>Eltern\/Familienmitglieder als Lieblingsmenschen (schwere Kindheit, gegenseitige Vorw\u00fcrfe, Missverst\u00e4ndnisse)<\/li>\n                      <li>Freunde und Freundinnen als Lieblingsmenschen (Beziehungen aufrechterhalten, Gleichgewicht zwischen Familie und Freundeskreis finden )<\/li>\n                      <li>Kolleginnen und Kollegen (Konflikte am Arbeitsplatz, Mangel an Anerkennung, Mobbing)<\/li>\n                      <li>Lieblingsmenschen \u00fcberall (unser soziales Umfeld)<\/li>\n                    <\/ul>\n                  <\/div>\n                <\/div>\n                <div data-colibri-id=\"874-c14\" class=\"h-x-container style-616 style-local-874-c14 position-relative h-element\">\n                  <!---->\n                  <div class=\"h-x-container-inner style-dynamic-874-c14-group style-616-spacing style-local-874-c14-spacing\"><span class=\"h-button__outer style-617-outer style-local-874-c15-outer d-inline-flex h-element\"><a h-use-smooth-scroll=\"true\" href=\"https:\/\/ks.computerberater.de\/?page_id=114\"  data-colibri-id=\"874-c15\" class=\"d-flex w-100 align-items-center h-button justify-content-lg-center justify-content-md-center justify-content-center style-617 style-local-874-c15 position-relative\"><!----><!----> <span>zur\u00fcck<\/span><\/a>\n                    <\/span>\n                  <\/div>\n                <\/div>\n              <\/div>\n            <\/div>\n          <\/div>\n        <\/div>\n      <\/div>\n    <\/div>\n  <\/div>\n<\/div>","protected":false},"excerpt":{"rendered":"<p>Das Beziehungsspektrum ist bei uns Menschen sehr gro\u00df. Selbst wenn wir unsere Berufung nicht finden, die Arbeit stresst und unsere Gef\u00fchle verr\u00fccktspielen &#8211; die Lieblingsmenschen sind f\u00fcr uns da und nehmen uns so an wie wir sind. So einfach ist es in den Beziehungen: Annahme und Mitgef\u00fchl. Mehr braucht man gar nicht. Unsere Realit\u00e4t sieht [&hellip;]<\/p>\n","protected":false},"author":1,"featured_media":0,"parent":0,"menu_order":0,"comment_status":"closed","ping_status":"closed","template":"page-templates\/full-width-page.php","meta":{"footnotes":""},"class_list":["post-874","page","type-page","status-publish","hentry"],"_links":{"self":[{"href":"https:\/\/katharina-schwarzkopf.de\/index.php?rest_route=\/wp\/v2\/pages\/874","targetHints":{"allow":["GET"]}}],"collection":[{"href":"https:\/\/katharina-schwarzkopf.de\/index.php?rest_route=\/wp\/v2\/pages"}],"about":[{"href":"https:\/\/katharina-schwarzkopf.de\/index.php?rest_route=\/wp\/v2\/types\/page"}],"author":[{"embeddable":true,"href":"https:\/\/katharina-schwarzkopf.de\/index.php?rest_route=\/wp\/v2\/users\/1"}],"replies":[{"embeddable":true,"href":"https:\/\/katharina-schwarzkopf.de\/index.php?rest_route=%2Fwp%2Fv2%2Fcomments&post=874"}],"version-history":[{"count":4,"href":"https:\/\/katharina-schwarzkopf.de\/index.php?rest_route=\/wp\/v2\/pages\/874\/revisions"}],"predecessor-version":[{"id":937,"href":"https:\/\/katharina-schwarzkopf.de\/index.php?rest_route=\/wp\/v2\/pages\/874\/revisions\/937"}],"wp:attachment":[{"href":"https:\/\/katharina-schwarzkopf.de\/index.php?rest_route=%2Fwp%2Fv2%2Fmedia&parent=874"}],"curies":[{"name":"wp","href":"https:\/\/api.w.org\/{rel}","templated":true}]}}