{"id":1451,"date":"2025-02-27T12:58:16","date_gmt":"2025-02-27T11:58:16","guid":{"rendered":"https:\/\/katharina-schwarzkopf.de\/?page_id=1451"},"modified":"2025-11-20T12:13:04","modified_gmt":"2025-11-20T11:13:04","slug":"kosten-2","status":"publish","type":"page","link":"https:\/\/katharina-schwarzkopf.de\/?page_id=1451","title":{"rendered":"Kosten"},"content":{"rendered":"<div data-colibri-id=\"1451-c1\" class=\"style-666 style-local-1451-c1 position-relative\">\n  <!---->\n  <div data-colibri-component=\"section\" data-colibri-id=\"1451-c2\" id=\"custom\" class=\"h-section h-section-global-spacing d-flex align-items-lg-center align-items-md-center align-items-center style-667 style-local-1451-c2 position-relative\">\n    <!---->\n    <!---->\n    <div class=\"h-section-grid-container h-section-boxed-container\">\n      <!---->\n      <div data-colibri-id=\"1451-c3\" class=\"h-row-container gutters-row-lg-2 gutters-row-md-2 gutters-row-0 gutters-row-v-lg-2 gutters-row-v-md-2 gutters-row-v-2 style-668 style-local-1451-c3 position-relative\">\n        <!---->\n        <div class=\"h-row justify-content-lg-center justify-content-md-center justify-content-center align-items-lg-stretch align-items-md-stretch align-items-stretch gutters-col-lg-2 gutters-col-md-2 gutters-col-0 gutters-col-v-lg-2 gutters-col-v-md-2 gutters-col-v-2\">\n          <!---->\n          <div class=\"h-column h-column-container d-flex h-col-lg-auto h-col-md-auto h-col-auto style-669-outer style-local-1451-c4-outer\">\n            <div data-colibri-id=\"1451-c4\" class=\"d-flex h-flex-basis h-column__inner h-px-lg-2 h-px-md-2 h-px-2 v-inner-lg-2 v-inner-md-2 v-inner-2 style-669 style-local-1451-c4 position-relative\">\n              <!---->\n              <!---->\n              <div class=\"w-100 h-y-container h-column__content h-column__v-align flex-basis-100 align-self-lg-start align-self-md-start align-self-start\">\n                <!---->\n                <div data-colibri-id=\"1451-c5\" class=\"d-block style-670 style-local-1451-c5 position-relative h-element\">\n                  <!---->\n                  <div class=\"h-image__frame-container-outer\">\n                    <div class=\"h-image__frame-container\">\n                      <!---->\n                      <!---->\n                      <img fetchpriority=\"high\" decoding=\"async\" width=\"1301\" height=\"1301\" src=\"https:\/\/katharina-schwarzkopf.de\/wp-content\/uploads\/2024\/06\/cropped-134132519_m_normal_none-scaled-1.jpg\" class=\"wp-image-1213 style-670-image style-local-1451-c5-image\" alt=\"\" srcset=\"https:\/\/katharina-schwarzkopf.de\/wp-content\/uploads\/2024\/06\/cropped-134132519_m_normal_none-scaled-1.jpg 1301w, https:\/\/katharina-schwarzkopf.de\/wp-content\/uploads\/2024\/06\/cropped-134132519_m_normal_none-scaled-1-300x300.jpg 300w, https:\/\/katharina-schwarzkopf.de\/wp-content\/uploads\/2024\/06\/cropped-134132519_m_normal_none-scaled-1-1024x1024.jpg 1024w, https:\/\/katharina-schwarzkopf.de\/wp-content\/uploads\/2024\/06\/cropped-134132519_m_normal_none-scaled-1-150x150.jpg 150w, https:\/\/katharina-schwarzkopf.de\/wp-content\/uploads\/2024\/06\/cropped-134132519_m_normal_none-scaled-1-768x768.jpg 768w\" sizes=\"(max-width: 1301px) 100vw, 1301px\" \/>\n                      <div class=\"h-image__frame h-hide-lg h-hide-md h-hide-sm style-670-frameImage style-local-1451-c5-frameImage\"><\/div>\n                    <\/div>\n                  <\/div>\n                <\/div>\n              <\/div>\n            <\/div>\n          <\/div>\n          <div class=\"h-column h-column-container d-flex h-col-lg-auto h-col-md-auto h-col-auto style-671-outer style-local-1451-c6-outer\">\n            <div data-colibri-id=\"1451-c6\" class=\"d-flex h-flex-basis h-column__inner h-px-lg-2 h-px-md-2 h-px-2 v-inner-lg-2 v-inner-md-2 v-inner-2 style-671 style-local-1451-c6 position-relative\">\n              <!---->\n              <!---->\n              <div class=\"w-100 h-y-container h-column__content h-column__v-align flex-basis-100 align-self-lg-start align-self-md-start align-self-start\">\n                <!---->\n                <div data-colibri-id=\"1451-c7\" class=\"style-672 style-local-1451-c7 position-relative h-element\">\n                  <!---->\n                <\/div>\n                <div data-colibri-id=\"1451-c8\" class=\"h-text h-text-component style-673 style-local-1451-c8 position-relative h-element\">\n                  <!---->\n                  <!---->\n                  <div class=\"\">\n                    <p>1 + 1 = 3<\/p>\n                  <\/div>\n                <\/div>\n                <div data-colibri-id=\"1451-c9\" class=\"h-text h-text-component style-674 style-local-1451-c9 position-relative h-element\">\n                  <!---->\n                  <!---->\n                  <div class=\"\">\n                    <p>\n                      <br>\n                    <\/p>\n                    <p>Indem wir &#8211; Du und Ich &#8211; gemeinsam spenden.<\/p>\n                  <\/div>\n                <\/div>\n                <div data-colibri-id=\"1451-c10\" class=\"h-text h-text-component style-675 style-local-1451-c10 position-relative h-element\">\n                  <!---->\n                  <!---->\n                  <div class=\"\">\n                    <p>\n                      <br>\n                    <\/p>\n                    <p>10% meines Honorars aus der Beratung flie\u00dfen an eine gemeinn\u00fctzige Organisation deiner Wahl.<\/p>\n                  <\/div>\n                <\/div>\n              <\/div>\n            <\/div>\n          <\/div>\n        <\/div>\n      <\/div>\n      <div data-colibri-id=\"1451-c11\" class=\"h-row-container gutters-row-lg-2 gutters-row-md-2 gutters-row-0 gutters-row-v-lg-2 gutters-row-v-md-2 gutters-row-v-2 style-676 style-local-1451-c11 position-relative\">\n        <!---->\n        <div class=\"h-row justify-content-lg-center justify-content-md-center justify-content-center align-items-lg-stretch align-items-md-stretch align-items-stretch gutters-col-lg-2 gutters-col-md-2 gutters-col-0 gutters-col-v-lg-2 gutters-col-v-md-2 gutters-col-v-2\">\n          <!---->\n          <div class=\"h-column h-column-container d-flex h-col-lg-auto h-col-md-auto h-col-auto style-677-outer style-local-1451-c12-outer\">\n            <div data-colibri-id=\"1451-c12\" class=\"d-flex h-flex-basis h-column__inner h-px-lg-2 h-px-md-2 h-px-2 v-inner-lg-2 v-inner-md-2 v-inner-2 style-677 style-local-1451-c12 position-relative\">\n              <!---->\n              <!---->\n              <div class=\"w-100 h-y-container h-column__content h-column__v-align flex-basis-100 align-self-lg-start align-self-md-start align-self-start\">\n                <!---->\n                <div data-colibri-id=\"1451-c13\" class=\"h-text h-text-component style-678 style-local-1451-c13 position-relative h-element\">\n                  <!---->\n                  <!---->\n                  <div class=\"\">\n                    <ul>\n                      <li>Erstgespr\u00e4ch (telefonische Terminvereinbarung): kostenlos<\/li>\n                      <li>Erste Online-Beratung (30 \u2013 45 Minuten): 45 Euro<\/li>\n                      <li>Jede weitere Online-Beratung (45 \u2013 60 Minuten): 55 Euro<\/li>\n                    <\/ul>\n                    <p>\n                      <br>\n                    <\/p>\n                  <\/div>\n                <\/div>\n                <div data-colibri-id=\"1451-c14\" class=\"style-679 style-local-1451-c14 position-relative h-element\">\n                  <!---->\n                <\/div>\n                <div data-colibri-id=\"1451-c15\" class=\"h-text h-text-component style-680 style-local-1451-c15 position-relative h-element\">\n                  <!---->\n                  <!---->\n                  <div class=\"\">\n                    <p>Spendenvorschl\u00e4ge:<\/p>\n                  <\/div>\n                <\/div>\n                <div data-colibri-id=\"1451-c16\" class=\"h-x-container style-681 style-local-1451-c16 position-relative h-element\">\n                  <!---->\n                  <div class=\"h-x-container-inner style-dynamic-1451-c16-group style-681-spacing style-local-1451-c16-spacing\"><span class=\"h-link__outer style-682-outer style-local-1451-c17-outer d-inline-flex h-element\"><a h-use-smooth-scroll=\"true\" href=\"https:\/\/welthungerhilfe.de\" target=\"_blank\" rel=\"nofollow\"  data-colibri-id=\"1451-c17\" class=\"d-flex w-100 align-items-center h-link style-682 style-local-1451-c17 position-relative\"><!----><!----> <span>Welthungerhilfe<\/span><\/a>\n                    <\/span>\n                  <\/div>\n                <\/div>\n                <div data-colibri-id=\"1451-c18\" class=\"h-x-container style-683 style-local-1451-c18 position-relative h-element\">\n                  <!---->\n                  <div class=\"h-x-container-inner style-dynamic-1451-c18-group style-683-spacing style-local-1451-c18-spacing\"><span class=\"h-link__outer style-684-outer style-local-1451-c19-outer d-inline-flex h-element\"><a h-use-smooth-scroll=\"true\" href=\"https:\/\/sos-kinderdoerfer.de\" target=\"_blank\" rel=\"nofollow\"  data-colibri-id=\"1451-c19\" class=\"d-flex w-100 align-items-center h-link style-684 style-local-1451-c19 position-relative\"><!----><!----> <span>SOS Kinderd\u00f6rfer<\/span><\/a>\n                    <\/span>\n                  <\/div>\n                <\/div>\n                <div data-colibri-id=\"1451-c20\" class=\"h-x-container style-685 style-local-1451-c20 position-relative h-element\">\n                  <!---->\n                  <div class=\"h-x-container-inner style-dynamic-1451-c20-group style-685-spacing style-local-1451-c20-spacing\"><span class=\"h-link__outer style-686-outer style-local-1451-c21-outer d-inline-flex h-element\"><a h-use-smooth-scroll=\"true\" href=\"https:\/\/christoffel-blindenmission.de\" target=\"_blank\" rel=\"nofollow\"  data-colibri-id=\"1451-c21\" class=\"d-flex w-100 align-items-center h-link style-686 style-local-1451-c21 position-relative\"><!----><!----> <span>Christoffel-Blindenmission<\/span><\/a>\n                    <\/span>\n                  <\/div>\n                <\/div>\n                <div data-colibri-id=\"1451-c22\" class=\"h-x-container style-687 style-local-1451-c22 position-relative h-element\">\n                  <!---->\n                  <div class=\"h-x-container-inner style-dynamic-1451-c22-group style-687-spacing style-local-1451-c22-spacing\"><span class=\"h-link__outer style-688-outer style-local-1451-c23-outer d-inline-flex h-element\"><a h-use-smooth-scroll=\"true\" href=\"https:\/\/greenpeace.de\" target=\"_blank\" rel=\"nofollow\"  data-colibri-id=\"1451-c23\" class=\"d-flex w-100 align-items-center h-link style-688 style-local-1451-c23 position-relative\"><!----><!----> <span>Greenpeace<\/span><\/a>\n                    <\/span>\n                  <\/div>\n                <\/div>\n                <div data-colibri-id=\"1451-c24\" class=\"h-x-container style-689 style-local-1451-c24 position-relative h-element\">\n                  <!---->\n                  <div class=\"h-x-container-inner style-dynamic-1451-c24-group style-689-spacing style-local-1451-c24-spacing\"><span class=\"h-link__outer style-690-outer style-local-1451-c25-outer d-inline-flex h-element\"><a h-use-smooth-scroll=\"true\" href=\"https:\/\/tierschutzbund.de\" target=\"_blank\" rel=\"nofollow\"  data-colibri-id=\"1451-c25\" class=\"d-flex w-100 align-items-center h-link style-690 style-local-1451-c25 position-relative\"><!----><!----> <span>Tierschutzbund<\/span><\/a>\n                    <\/span>\n                  <\/div>\n                <\/div>\n                <div data-colibri-id=\"1451-c26\" class=\"h-x-container style-691 style-local-1451-c26 position-relative h-element\">\n                  <!---->\n                  <div class=\"h-x-container-inner style-dynamic-1451-c26-group style-691-spacing style-local-1451-c26-spacing\"><span class=\"h-link__outer style-692-outer style-local-1451-c27-outer d-inline-flex h-element\"><a h-use-smooth-scroll=\"true\" href=\"https:\/\/seelenpflaster.org\" target=\"_blank\" rel=\"nofollow\"  data-colibri-id=\"1451-c27\" class=\"d-flex w-100 align-items-center h-link style-692 style-local-1451-c27 position-relative\"><!----><!----> <span>Seelenpflaster<\/span><\/a>\n                    <\/span>\n                  <\/div>\n                <\/div>\n              <\/div>\n            <\/div>\n          <\/div>\n        <\/div>\n      <\/div>\n      <div data-colibri-id=\"1451-c28\" class=\"h-row-container gutters-row-lg-2 gutters-row-md-2 gutters-row-0 gutters-row-v-lg-2 gutters-row-v-md-2 gutters-row-v-2 style-693 style-local-1451-c28 position-relative\">\n        <!---->\n        <div class=\"h-row justify-content-lg-center justify-content-md-center justify-content-center align-items-lg-stretch align-items-md-stretch align-items-stretch gutters-col-lg-2 gutters-col-md-2 gutters-col-0 gutters-col-v-lg-2 gutters-col-v-md-2 gutters-col-v-2\">\n          <!---->\n          <div class=\"h-column h-column-container d-flex h-col-lg-auto h-col-md-auto h-col-auto style-694-outer style-local-1451-c29-outer\">\n            <div data-colibri-id=\"1451-c29\" class=\"d-flex h-flex-basis h-column__inner h-px-lg-2 h-px-md-2 h-px-2 v-inner-lg-2 v-inner-md-2 v-inner-2 style-694 style-local-1451-c29 position-relative\">\n              <!---->\n              <!---->\n              <div class=\"w-100 h-y-container h-column__content h-column__v-align flex-basis-100 align-self-lg-start align-self-md-start align-self-start\">\n                <!---->\n                <div data-colibri-id=\"1451-c30\" class=\"h-text h-text-component style-695 style-local-1451-c30 position-relative h-element\">\n                  <!---->\n                  <!---->\n                  <div class=\"\">\n                    <ul>\n                      <li>Welche Erfahrungen hast du bereits mit Spenden gemacht?<\/li>\n                      <li>Welche Hilfsorganisationen k\u00f6nntest du mir empfehlen? Schreib mir gerne deine Vorschl\u00e4ge. Ich nehme sie dankbar an.<\/li>\n                    <\/ul>\n                  <\/div>\n                <\/div>\n              <\/div>\n            <\/div>\n          <\/div>\n        <\/div>\n      <\/div>\n    <\/div>\n  <\/div>\n  <div data-colibri-component=\"section\" data-colibri-id=\"1451-c31\" id=\"custom-2\" class=\"h-section h-section-global-spacing d-flex align-items-lg-center align-items-md-center align-items-center style-696 style-local-1451-c31 position-relative\">\n    <!---->\n    <!---->\n    <div class=\"h-section-grid-container h-section-boxed-container\">\n      <!---->\n      <div data-colibri-id=\"1451-c32\" class=\"h-row-container gutters-row-lg-2 gutters-row-md-2 gutters-row-0 gutters-row-v-lg-2 gutters-row-v-md-2 gutters-row-v-2 style-697 style-local-1451-c32 position-relative\">\n        <!---->\n        <div class=\"h-row justify-content-lg-center justify-content-md-center justify-content-center align-items-lg-stretch align-items-md-stretch align-items-stretch gutters-col-lg-2 gutters-col-md-2 gutters-col-0 gutters-col-v-lg-2 gutters-col-v-md-2 gutters-col-v-2\">\n          <!---->\n          <div class=\"h-column h-column-container d-flex h-col-lg-auto h-col-md-auto h-col-auto style-698-outer style-local-1451-c33-outer\">\n            <div data-colibri-id=\"1451-c33\" class=\"d-flex h-flex-basis h-column__inner h-px-lg-2 h-px-md-2 h-px-2 v-inner-lg-2 v-inner-md-2 v-inner-2 style-698 style-local-1451-c33 position-relative\">\n              <!---->\n              <!---->\n              <div class=\"w-100 h-y-container h-column__content h-column__v-align flex-basis-100 align-self-lg-start align-self-md-start align-self-start\">\n                <!---->\n                <div data-colibri-id=\"1451-c34\" class=\"h-lead h-text h-text-component style-699 style-local-1451-c34 position-relative h-element\">\n                  <!---->\n                  <!---->\n                  <div class=\"\">\n                    <p>Kontakt:<\/p>\n                  <\/div>\n                <\/div>\n                <div data-colibri-id=\"1451-c35\" class=\"h-lead h-text h-text-component style-700 style-local-1451-c35 position-relative h-element\">\n                  <!---->\n                  <!---->\n                  <div class=\"\">\n                    <p><span style=\"color: rgb(37, 41, 42); font-family: Open Sans; font-size: 20px; font-weight: 300;\">Termine nach Vereinbarung<\/span>\n                      <br>\n                      <br><span style=\"color: rgb(37, 41, 42); font-family: Open Sans; font-size: 20px; font-weight: 300;\">Mail: info@katharina-schwarzkopf.de<\/span>\n                      <br><span style=\"color: rgb(37, 41, 42); font-family: Open Sans; font-size: 20px; font-weight: 300;\">Tel:&nbsp;&nbsp; 01577 \u2013 87 97 927<\/span><\/p>\n                  <\/div>\n                <\/div>\n              <\/div>\n            <\/div>\n          <\/div>\n          <div class=\"h-column h-column-container d-flex h-col-lg-auto h-col-md-auto h-col-auto style-701-outer style-local-1451-c36-outer\">\n            <div data-colibri-id=\"1451-c36\" class=\"d-flex h-flex-basis h-column__inner h-px-lg-2 h-px-md-2 h-px-2 v-inner-lg-2 v-inner-md-2 v-inner-2 style-701 style-local-1451-c36 position-relative\">\n              <!---->\n              <!---->\n              <div class=\"w-100 h-y-container h-column__content h-column__v-align flex-basis-100 align-self-lg-start align-self-md-start align-self-start\">\n                <!---->\n                <div data-colibri-id=\"1451-c37\" class=\"h-lead h-text h-text-component style-702 style-local-1451-c37 position-relative h-element\">\n                  <!---->\n                  <!---->\n                  <div class=\"\">\n                    <p>Rechtliches:<\/p>\n                  <\/div>\n                <\/div>\n                <div data-colibri-id=\"1451-c38\" class=\"h-x-container style-703 style-local-1451-c38 position-relative h-element\">\n                  <!---->\n                  <div class=\"h-x-container-inner style-dynamic-1451-c38-group style-703-spacing style-local-1451-c38-spacing\"><span class=\"h-link__outer style-704-outer style-local-1451-c39-outer d-inline-flex h-element\"><a h-use-smooth-scroll=\"true\" href=\"https:\/\/katharina-schwarzkopf.de\/?page_id=650\"  data-colibri-id=\"1451-c39\" class=\"d-flex w-100 align-items-center h-link style-704 style-local-1451-c39 position-relative\"><!----><span  class=\"h-svg-icon h-link__icon style-704-icon style-local-1451-c39-icon\"><!--Icon by Font Awesome (https:\/\/fontawesome.com)-->\n    <svg version=\"1.1\" xmlns=\"http:\/\/www.w3.org\/2000\/svg\" xmlns:xlink=\"http:\/\/www.w3.org\/1999\/xlink\" id=\"angle-double-right\" viewBox=\"0 0 1024 1896.0833\">\n      <path d=\"M595 960q0 13-10 23l-466 466q-10 10-23 10t-23-10l-50-50q-10-10-10-23t10-23l393-393L23 567q-10-10-10-23t10-23l50-50q10-10 23-10t23 10l466 466q10 10 10 23zm384 0q0 13-10 23l-466 466q-10 10-23 10t-23-10l-50-50q-10-10-10-23t10-23l393-393-393-393q-10-10-10-23t10-23l50-50q10-10 23-10t23 10l466 466q10 10 10 23z\"><\/path>\n    <\/svg><\/span> <span>Impressum<\/span><\/a>\n                    <\/span>\n                  <\/div>\n                <\/div>\n                <div data-colibri-id=\"1451-c40\" class=\"h-x-container style-705 style-local-1451-c40 position-relative h-element\">\n                  <!---->\n                  <div class=\"h-x-container-inner style-dynamic-1451-c40-group style-705-spacing style-local-1451-c40-spacing\"><span class=\"h-link__outer style-706-outer style-local-1451-c41-outer d-inline-flex h-element\"><a h-use-smooth-scroll=\"true\" href=\"https:\/\/katharina-schwarzkopf.de\/?page_id=659\"  data-colibri-id=\"1451-c41\" class=\"d-flex w-100 align-items-center h-link style-706 style-local-1451-c41 position-relative\"><!----><span  class=\"h-svg-icon h-link__icon style-706-icon style-local-1451-c41-icon\"><!--Icon by Font Awesome (https:\/\/fontawesome.com)-->\n    <svg version=\"1.1\" xmlns=\"http:\/\/www.w3.org\/2000\/svg\" xmlns:xlink=\"http:\/\/www.w3.org\/1999\/xlink\" id=\"angle-double-right\" viewBox=\"0 0 1024 1896.0833\">\n      <path d=\"M595 960q0 13-10 23l-466 466q-10 10-23 10t-23-10l-50-50q-10-10-10-23t10-23l393-393L23 567q-10-10-10-23t10-23l50-50q10-10 23-10t23 10l466 466q10 10 10 23zm384 0q0 13-10 23l-466 466q-10 10-23 10t-23-10l-50-50q-10-10-10-23t10-23l393-393-393-393q-10-10-10-23t10-23l50-50q10-10 23-10t23 10l466 466q10 10 10 23z\"><\/path>\n    <\/svg><\/span> <span>Datenschutzerkl\u00e4rung<\/span><\/a>\n                    <\/span>\n                  <\/div>\n                <\/div>\n              <\/div>\n            <\/div>\n          <\/div>\n        <\/div>\n      <\/div>\n    <\/div>\n  <\/div>\n<\/div>","protected":false},"excerpt":{"rendered":"<p>1 + 1 = 3 Indem wir &#8211; Du und Ich &#8211; gemeinsam spenden. 10% meines Honorars aus der Beratung flie\u00dfen an eine gemeinn\u00fctzige Organisation deiner Wahl. Erstgespr\u00e4ch (telefonische Terminvereinbarung): kostenlos Erste Online-Beratung (30 \u2013 45 Minuten): 45 Euro Jede weitere Online-Beratung (45 \u2013 60 Minuten): 55 Euro Spendenvorschl\u00e4ge: Welthungerhilfe SOS Kinderd\u00f6rfer Christoffel-Blindenmission Greenpeace Tierschutzbund [&hellip;]<\/p>\n","protected":false},"author":1,"featured_media":0,"parent":0,"menu_order":0,"comment_status":"closed","ping_status":"closed","template":"page-templates\/full-width-page.php","meta":{"footnotes":""},"class_list":["post-1451","page","type-page","status-publish","hentry"],"_links":{"self":[{"href":"https:\/\/katharina-schwarzkopf.de\/index.php?rest_route=\/wp\/v2\/pages\/1451","targetHints":{"allow":["GET"]}}],"collection":[{"href":"https:\/\/katharina-schwarzkopf.de\/index.php?rest_route=\/wp\/v2\/pages"}],"about":[{"href":"https:\/\/katharina-schwarzkopf.de\/index.php?rest_route=\/wp\/v2\/types\/page"}],"author":[{"embeddable":true,"href":"https:\/\/katharina-schwarzkopf.de\/index.php?rest_route=\/wp\/v2\/users\/1"}],"replies":[{"embeddable":true,"href":"https:\/\/katharina-schwarzkopf.de\/index.php?rest_route=%2Fwp%2Fv2%2Fcomments&post=1451"}],"version-history":[{"count":9,"href":"https:\/\/katharina-schwarzkopf.de\/index.php?rest_route=\/wp\/v2\/pages\/1451\/revisions"}],"predecessor-version":[{"id":1524,"href":"https:\/\/katharina-schwarzkopf.de\/index.php?rest_route=\/wp\/v2\/pages\/1451\/revisions\/1524"}],"wp:attachment":[{"href":"https:\/\/katharina-schwarzkopf.de\/index.php?rest_route=%2Fwp%2Fv2%2Fmedia&parent=1451"}],"curies":[{"name":"wp","href":"https:\/\/api.w.org\/{rel}","templated":true}]}}