{"id":117,"date":"2024-04-16T18:35:19","date_gmt":"2024-04-16T16:35:19","guid":{"rendered":"https:\/\/ks.computerberater.de\/?page_id=117"},"modified":"2025-02-27T12:57:04","modified_gmt":"2025-02-27T11:57:04","slug":"kosten","status":"publish","type":"page","link":"https:\/\/katharina-schwarzkopf.de\/?page_id=117","title":{"rendered":"Kosten ALT"},"content":{"rendered":"\t\t<div data-elementor-type=\"wp-page\" data-elementor-id=\"117\" class=\"elementor elementor-117\">\n\t\t\t\t<div class=\"elementor-element elementor-element-604cac55 e-flex e-con-boxed e-con e-parent\" data-id=\"604cac55\" data-element_type=\"container\" data-e-type=\"container\">\n\t\t\t\t\t<div class=\"e-con-inner\">\n\t\t\t\t<div class=\"elementor-element elementor-element-3008f3c1 elementor-widget elementor-widget-text-editor\" data-id=\"3008f3c1\" data-element_type=\"widget\" data-e-type=\"widget\" data-widget_type=\"text-editor.default\">\n\t\t\t\t<div class=\"elementor-widget-container\">\n\t\t\t\t\t\t\t\t\t<div data-colibri-id=\"117-c1\" class=\"style-346 style-local-117-c1 position-relative\">\n  <!----><p><\/p>\n<div data-colibri-component=\"section\" data-colibri-id=\"117-c2\" id=\"custom\" class=\"h-section h-section-global-spacing d-flex align-items-lg-center align-items-md-center align-items-center style-347 style-local-117-c2 position-relative\">\n    <!----><br>    <!----><p><\/p>\n<div class=\"h-section-grid-container h-section-fluid-container\">\n      <!----><p><\/p>\n<div data-colibri-id=\"117-c3\" class=\"h-row-container gutters-row-lg-2 gutters-row-md-2 gutters-row-0 gutters-row-v-lg-2 gutters-row-v-md-2 gutters-row-v-2 style-510 style-local-117-c3 position-relative\">\n        <!----><p><\/p>\n<div class=\"h-row justify-content-lg-center justify-content-md-center justify-content-center align-items-lg-stretch align-items-md-stretch align-items-stretch gutters-col-lg-2 gutters-col-md-2 gutters-col-0 gutters-col-v-lg-2 gutters-col-v-md-2 gutters-col-v-2\">\n          <!----><p><\/p>\n<div class=\"h-column h-column-container d-flex h-col-lg-auto h-col-md-auto h-col-auto style-511-outer style-local-117-c4-outer\">\n<div data-colibri-id=\"117-c4\" class=\"d-flex h-flex-basis h-column__inner h-px-lg-2 h-px-md-2 h-px-2 v-inner-lg-2 v-inner-md-2 v-inner-2 style-511 style-local-117-c4 position-relative\">\n              <!----><br>              <!----><p><\/p>\n<div class=\"w-100 h-y-container h-column__content h-column__v-align flex-basis-100 align-self-lg-start align-self-md-start align-self-start\">\n                <!----><p><\/p>\n<div data-colibri-id=\"117-c5\" class=\"d-block style-513 style-local-117-c5 position-relative h-element\">\n                  <!----><p><\/p>\n<div class=\"h-image__frame-container-outer\">\n<div class=\"h-image__frame-container\">\n                      <!----><br>                      <!----><br>                      <img fetchpriority=\"high\" decoding=\"async\" width=\"1301\" height=\"1301\" src=\"https:\/\/katharina-schwarzkopf.de\/wp-content\/uploads\/2024\/06\/cropped-134132519_m_normal_none-scaled-1.jpg\" class=\"wp-image-1213 style-513-image style-local-117-c5-image\" alt=\"\" srcset=\"https:\/\/katharina-schwarzkopf.de\/wp-content\/uploads\/2024\/06\/cropped-134132519_m_normal_none-scaled-1.jpg 1301w, https:\/\/katharina-schwarzkopf.de\/wp-content\/uploads\/2024\/06\/cropped-134132519_m_normal_none-scaled-1-300x300.jpg 300w, https:\/\/katharina-schwarzkopf.de\/wp-content\/uploads\/2024\/06\/cropped-134132519_m_normal_none-scaled-1-1024x1024.jpg 1024w, https:\/\/katharina-schwarzkopf.de\/wp-content\/uploads\/2024\/06\/cropped-134132519_m_normal_none-scaled-1-150x150.jpg 150w, https:\/\/katharina-schwarzkopf.de\/wp-content\/uploads\/2024\/06\/cropped-134132519_m_normal_none-scaled-1-768x768.jpg 768w\" sizes=\"(max-width: 1301px) 100vw, 1301px\" \/><p><\/p>\n<div class=\"h-image__frame h-hide-lg h-hide-md h-hide-sm style-513-frameImage style-local-117-c5-frameImage\"><\/div>\n<\/div>\n<\/div>\n<\/div>\n<\/div>\n<\/div>\n<\/div>\n<div class=\"h-column h-column-container d-flex h-col-lg-auto h-col-md-auto h-col-auto style-512-outer style-local-117-c6-outer\">\n<div data-colibri-id=\"117-c6\" class=\"d-flex h-flex-basis h-column__inner h-px-lg-2 h-px-md-2 h-px-2 v-inner-lg-2 v-inner-md-2 v-inner-2 style-512 style-local-117-c6 position-relative\">\n              <!----><br>              <!----><p><\/p>\n<div class=\"w-100 h-y-container h-column__content h-column__v-align flex-basis-100 align-self-lg-start align-self-md-start align-self-start\">\n                <!----><p><\/p>\n<div data-colibri-id=\"117-c7\" class=\"h-lead h-text h-text-component style-514 style-local-117-c7 position-relative h-element\">\n                  <!----><br>                  <!----><p><\/p>\n<div class=\"\">\n<h1>1+1=3<\/h1>\n<h1>\n                      <br>                    <\/h1>\n<p>Indem wir &#8211; Du und Ich &#8211; gemeinsam spenden.<\/p>\n<p>\n                      <br>                    <\/p>\n<p>\n                      <br>                    <\/p>\n<p>Du \u00fcberweist das Geld an eine gemeinn\u00fctzige Organisation deiner Wahl, ich berate dich gerne daf\u00fcr.<\/p>\n<p>\n                      <br>                    <\/p>\n<\/div>\n<\/div>\n<\/div>\n<\/div>\n<\/div>\n<\/div>\n<\/div>\n<div data-colibri-id=\"117-c8\" class=\"h-row-container gutters-row-lg-2 gutters-row-md-2 gutters-row-0 gutters-row-v-lg-2 gutters-row-v-md-2 gutters-row-v-2 style-374 style-local-117-c8 position-relative\">\n        <!----><p><\/p>\n<div class=\"h-row justify-content-lg-center justify-content-md-center justify-content-center align-items-lg-stretch align-items-md-stretch align-items-stretch gutters-col-lg-2 gutters-col-md-2 gutters-col-0 gutters-col-v-lg-2 gutters-col-v-md-2 gutters-col-v-2\">\n          <!----><p><\/p>\n<div class=\"h-column h-column-container d-flex h-col-lg-auto h-col-md-auto h-col-auto style-375-outer style-local-117-c9-outer\">\n<div data-colibri-id=\"117-c9\" class=\"d-flex h-flex-basis h-column__inner h-px-lg-2 h-px-md-2 h-px-2 v-inner-lg-2 v-inner-md-2 v-inner-2 style-375 style-local-117-c9 position-relative\">\n              <!----><br>              <!----><p><\/p>\n<div class=\"w-100 h-y-container h-column__content h-column__v-align flex-basis-100 align-self-lg-start align-self-md-start align-self-start\">\n                <!----><p><\/p>\n<div data-colibri-id=\"117-c10\" class=\"h-text h-text-component style-376 style-local-117-c10 position-relative h-element\">\n                  <!----><br>                  <!----><p><\/p>\n<div class=\"\">\n<ul>\n<li>Erstgespr\u00e4ch (telefonische Terminvereinbarung): kostenlos<\/li>\n<li>Erste Online-Beratung (30 \u2013 45 Minuten): Spende 45 Euro<\/li>\n<li>Jede weitere Online-Beratung (45 &#8211; 60 Minuten): Spende 55 Euro<\/li>\n<\/ul>\n<p>\n                      <br>                    <\/p>\n<p><strong>Spendenvorschl\u00e4ge:<\/strong><\/p>\n<ul>\n<li>&nbsp;<a href=\"http:\/\/www.welthungerhilfe.de\" target=\"_blank\">www.welthungerhilfe.de<\/a><br><\/li>\n<li>&nbsp;<a href=\"http:\/\/www.sos-kinderdoerfer.de\" target=\"_blank\">www.sos-kinderdoerfer.de<\/a><br><\/li>\n<li>&nbsp;<a href=\"http:\/\/www.christoffel-blindenmission.de\" target=\"_blank\">www.christoffel-blindenmission.de<\/a><br><\/li>\n<li>&nbsp;<a href=\"http:\/\/www.greenpeace.de\" target=\"_blank\">www.greenpeace.de<\/a><br><\/li>\n<li>&nbsp;<a href=\"https:\/\/tierschutzbund.de\" target=\"_blank\">www.tierschutzbund.de&nbsp;<\/a><br><\/li>\n<li><a href=\"https:\/\/seelenpflaster.org\" target=\"_blank\">www.seelenpflaster.org<\/a><br><\/li>\n<\/ul>\n<p><span style=\"color: rgb(3, 169, 244); font-size: 1em; font-weight: 400; font-family: Open Sans;\">\ufeff<\/span><\/p>\n<ul>\n<li>Welche Erfahrungen hast du bereits mit Spenden gemacht?<\/li>\n<li>Welche Hilfsorganisationen k\u00f6nntest du mir empfehlen? Schreib mir gerne deine Vorschl\u00e4ge. Ich nehme sie dankbar an.<\/li>\n<\/ul>\n<p>\n                      <br>                    <\/p>\n<\/div>\n<\/div>\n<\/div>\n<\/div>\n<\/div>\n<\/div>\n<\/div>\n<\/div>\n<\/div>\n<div data-colibri-component=\"section\" data-colibri-id=\"117-c15\" id=\"custom-2\" class=\"h-section h-section-global-spacing d-flex align-items-lg-center align-items-md-center align-items-center style-421 style-local-117-c15 position-relative\">\n    <!----><br>    <!----><p><\/p>\n<div class=\"h-section-grid-container h-section-boxed-container\">\n      <!----><p><\/p>\n<div data-colibri-id=\"117-c16\" class=\"h-row-container gutters-row-lg-2 gutters-row-md-2 gutters-row-0 gutters-row-v-lg-2 gutters-row-v-md-2 gutters-row-v-2 style-422 style-local-117-c16 position-relative\">\n        <!----><p><\/p>\n<div class=\"h-row justify-content-lg-center justify-content-md-center justify-content-center align-items-lg-stretch align-items-md-stretch align-items-stretch gutters-col-lg-2 gutters-col-md-2 gutters-col-0 gutters-col-v-lg-2 gutters-col-v-md-2 gutters-col-v-2\">\n          <!----><p><\/p>\n<div class=\"h-column h-column-container d-flex h-col-lg-auto h-col-md-auto h-col-auto style-423-outer style-local-117-c17-outer\">\n<div data-colibri-id=\"117-c17\" class=\"d-flex h-flex-basis h-column__inner h-px-lg-2 h-px-md-2 h-px-2 v-inner-lg-2 v-inner-md-2 v-inner-2 style-423 style-local-117-c17 position-relative\">\n              <!----><br>              <!----><p><\/p>\n<div class=\"w-100 h-y-container h-column__content h-column__v-align flex-basis-100 align-self-lg-start align-self-md-start align-self-start\">\n                <!----><p><\/p>\n<div data-colibri-id=\"117-c18\" class=\"h-lead h-text h-text-component style-425 style-local-117-c18 position-relative h-element\">\n                  <!----><br>                  <!----><p><\/p>\n<div class=\"\">\n<p>Kontakt:<\/p>\n<\/div>\n<\/div>\n<div data-colibri-id=\"117-c19\" class=\"h-lead h-text h-text-component style-359 style-local-117-c19 position-relative h-element\">\n                  <!----><br>                  <!----><p><\/p>\n<div class=\"\">\n<p><span style=\"font-weight: 300; font-size: 20px; font-family: &quot;Open Sans&quot;; color: rgb(37, 41, 42);\">Termine nach Vereinbarung<\/span><br>                      <br>                      <br><span style=\"font-weight: 300; font-size: 20px; font-family: &quot;Open Sans&quot;; color: rgb(37, 41, 42);\">Mail: info@katharina-schwarzkopf.de<\/span><br>                      <br><span style=\"font-weight: 300; font-size: 20px; font-family: &quot;Open Sans&quot;; color: rgb(37, 41, 42);\">Tel: &nbsp; 01577 \u2013 87 97 927<\/span><\/p>\n<\/div>\n<\/div>\n<\/div>\n<\/div>\n<\/div>\n<div class=\"h-column h-column-container d-flex h-col-lg-auto h-col-md-auto h-col-auto style-424-outer style-local-117-c20-outer\">\n<div data-colibri-id=\"117-c20\" class=\"d-flex h-flex-basis h-column__inner h-px-lg-2 h-px-md-2 h-px-2 v-inner-lg-2 v-inner-md-2 v-inner-2 style-424 style-local-117-c20 position-relative\">\n              <!----><br>              <!----><p><\/p>\n<div class=\"w-100 h-y-container h-column__content h-column__v-align flex-basis-100 align-self-lg-start align-self-md-start align-self-start\">\n                <!----><p><\/p>\n<div data-colibri-id=\"117-c21\" class=\"h-lead h-text h-text-component style-427 style-local-117-c21 position-relative h-element\">\n                  <!----><br>                  <!----><p><\/p>\n<div class=\"\">\n<p>Rechtliches:<\/p>\n<\/div>\n<\/div>\n<div data-colibri-id=\"117-c22\" class=\"h-x-container style-352 style-local-117-c22 position-relative h-element\">\n                  <!----><p><\/p>\n<div class=\"h-x-container-inner style-dynamic-117-c22-group style-352-spacing style-local-117-c22-spacing\"><span class=\"h-link__outer style-353-outer style-local-117-c23-outer d-inline-flex h-element\"><a h-use-smooth-scroll=\"true\" href=\"https:\/\/katharina-schwarzkopf.de\/?page_id=650\" data-colibri-id=\"117-c23\" class=\"d-flex w-100 align-items-center h-link style-353 style-local-117-c23 position-relative\"><!----><span class=\"h-svg-icon h-link__icon style-353-icon style-local-117-c23-icon\"><!--Icon by Font Awesome (https:\/\/fontawesome.com)--><br>    <svg version=\"1.1\" xmlns=\"http:\/\/www.w3.org\/2000\/svg\" xmlns:xlink=\"http:\/\/www.w3.org\/1999\/xlink\" id=\"angle-double-right\" viewBox=\"0 0 1024 1896.0833\"><\/svg><br>      <path d=\"M595 960q0 13-10 23l-466 466q-10 10-23 10t-23-10l-50-50q-10-10-10-23t10-23l393-393L23 567q-10-10-10-23t10-23l50-50q10-10 23-10t23 10l466 466q10 10 10 23zm384 0q0 13-10 23l-466 466q-10 10-23 10t-23-10l-50-50q-10-10-10-23t10-23l393-393-393-393q-10-10-10-23t10-23l50-50q10-10 23-10t23 10l466 466q10 10 10 23z\"><\/path>\n    <\/span> <span>Impressum<\/span><\/a><br>                    <\/span>\n                  <\/div>\n<\/div>\n<div data-colibri-id=\"117-c24\" class=\"h-x-container style-354 style-local-117-c24 position-relative h-element\">\n                  <!----><p><\/p>\n<div class=\"h-x-container-inner style-dynamic-117-c24-group style-354-spacing style-local-117-c24-spacing\"><span class=\"h-link__outer style-355-outer style-local-117-c25-outer d-inline-flex h-element\"><a h-use-smooth-scroll=\"true\" href=\"https:\/\/katharina-schwarzkopf.de\/?page_id=659\" data-colibri-id=\"117-c25\" class=\"d-flex w-100 align-items-center h-link style-355 style-local-117-c25 position-relative\"><!----><span class=\"h-svg-icon h-link__icon style-355-icon style-local-117-c25-icon\"><!--Icon by Font Awesome (https:\/\/fontawesome.com)--><br>    <svg version=\"1.1\" xmlns=\"http:\/\/www.w3.org\/2000\/svg\" xmlns:xlink=\"http:\/\/www.w3.org\/1999\/xlink\" id=\"angle-double-right\" viewBox=\"0 0 1024 1896.0833\"><\/svg><br>      <path d=\"M595 960q0 13-10 23l-466 466q-10 10-23 10t-23-10l-50-50q-10-10-10-23t10-23l393-393L23 567q-10-10-10-23t10-23l50-50q10-10 23-10t23 10l466 466q10 10 10 23zm384 0q0 13-10 23l-466 466q-10 10-23 10t-23-10l-50-50q-10-10-10-23t10-23l393-393-393-393q-10-10-10-23t10-23l50-50q10-10 23-10t23 10l466 466q10 10 10 23z\"><\/path>\n    <\/span> <span>Datenschutz<\/span><\/a><br>                    <\/span>\n                  <\/div>\n<\/div>\n<\/div>\n<\/div>\n<\/div>\n<div class=\"h-column h-column-container d-flex h-col-lg-auto h-col-md-auto h-col-auto style-618-outer style-local-117-c26-outer\">\n<div data-colibri-id=\"117-c26\" class=\"d-flex h-flex-basis h-column__inner h-ui-empty-state-container h-px-lg-2 h-px-md-2 h-px-2 v-inner-lg-2 v-inner-md-2 v-inner-2 style-618 style-local-117-c26 position-relative\">\n              <!----><br>              <!----><p><\/p>\n<div class=\"w-100 h-y-container h-column__content h-column__v-align flex-basis-100\">\n                <!---->\n              <\/div>\n<\/div>\n<\/div>\n<\/div>\n<\/div>\n<\/div>\n<\/div>\n<\/div>\t\t\t\t\t\t\t\t<\/div>\n\t\t\t\t<\/div>\n\t\t\t\t\t<\/div>\n\t\t\t\t<\/div>\n\t\t\t\t<\/div>\n\t\t","protected":false},"excerpt":{"rendered":"<p>1+1=3 Indem wir &#8211; Du und Ich &#8211; gemeinsam spenden. Du \u00fcberweist das Geld an eine gemeinn\u00fctzige Organisation deiner Wahl, ich berate dich gerne daf\u00fcr. Erstgespr\u00e4ch (telefonische Terminvereinbarung): kostenlos Erste Online-Beratung (30 \u2013 45 Minuten): Spende 45 Euro Jede weitere Online-Beratung (45 &#8211; 60 Minuten): Spende 55 Euro Spendenvorschl\u00e4ge: &nbsp;www.welthungerhilfe.de &nbsp;www.sos-kinderdoerfer.de &nbsp;www.christoffel-blindenmission.de &nbsp;www.greenpeace.de &nbsp;www.tierschutzbund.de&nbsp; www.seelenpflaster.org [&hellip;]<\/p>\n","protected":false},"author":1,"featured_media":0,"parent":0,"menu_order":0,"comment_status":"closed","ping_status":"closed","template":"page-templates\/full-width-page.php","meta":{"footnotes":""},"class_list":["post-117","page","type-page","status-publish","hentry"],"_links":{"self":[{"href":"https:\/\/katharina-schwarzkopf.de\/index.php?rest_route=\/wp\/v2\/pages\/117","targetHints":{"allow":["GET"]}}],"collection":[{"href":"https:\/\/katharina-schwarzkopf.de\/index.php?rest_route=\/wp\/v2\/pages"}],"about":[{"href":"https:\/\/katharina-schwarzkopf.de\/index.php?rest_route=\/wp\/v2\/types\/page"}],"author":[{"embeddable":true,"href":"https:\/\/katharina-schwarzkopf.de\/index.php?rest_route=\/wp\/v2\/users\/1"}],"replies":[{"embeddable":true,"href":"https:\/\/katharina-schwarzkopf.de\/index.php?rest_route=%2Fwp%2Fv2%2Fcomments&post=117"}],"version-history":[{"count":20,"href":"https:\/\/katharina-schwarzkopf.de\/index.php?rest_route=\/wp\/v2\/pages\/117\/revisions"}],"predecessor-version":[{"id":1450,"href":"https:\/\/katharina-schwarzkopf.de\/index.php?rest_route=\/wp\/v2\/pages\/117\/revisions\/1450"}],"wp:attachment":[{"href":"https:\/\/katharina-schwarzkopf.de\/index.php?rest_route=%2Fwp%2Fv2%2Fmedia&parent=117"}],"curies":[{"name":"wp","href":"https:\/\/api.w.org\/{rel}","templated":true}]}}