{"id":114,"date":"2024-04-16T18:34:52","date_gmt":"2024-04-16T16:34:52","guid":{"rendered":"https:\/\/ks.computerberater.de\/?page_id=114"},"modified":"2025-02-27T11:48:14","modified_gmt":"2025-02-27T10:48:14","slug":"psychologische-beratung","status":"publish","type":"page","link":"https:\/\/katharina-schwarzkopf.de\/?page_id=114","title":{"rendered":"Psychologische Beratung"},"content":{"rendered":"<div data-colibri-id=\"114-c1\" class=\"style-337 style-local-114-c1 position-relative\">\n  <!---->\n  <div data-colibri-component=\"section\" data-colibri-id=\"114-c2\" id=\"custom\" class=\"h-section h-section-global-spacing d-flex align-items-lg-center align-items-md-center align-items-center style-437 style-local-114-c2 position-relative\">\n    <!---->\n    <!---->\n    <div class=\"h-section-grid-container h-section-boxed-container\">\n      <!---->\n      <div data-colibri-id=\"114-c3\" class=\"h-row-container gutters-row-lg-2 gutters-row-md-2 gutters-row-0 gutters-row-v-lg-2 gutters-row-v-md-2 gutters-row-v-2 style-440 style-local-114-c3 position-relative\">\n        <!---->\n        <div class=\"h-row justify-content-lg-center justify-content-md-center justify-content-center align-items-lg-stretch align-items-md-stretch align-items-stretch gutters-col-lg-2 gutters-col-md-2 gutters-col-0 gutters-col-v-lg-2 gutters-col-v-md-2 gutters-col-v-2\">\n          <!---->\n          <div class=\"h-column h-column-container d-flex h-col-lg-auto h-col-md-auto h-col-auto style-441-outer style-local-114-c4-outer\">\n            <div data-colibri-id=\"114-c4\" class=\"d-flex h-flex-basis h-column__inner h-px-lg-2 h-px-md-2 h-px-2 v-inner-lg-2 v-inner-md-2 v-inner-2 style-441 style-local-114-c4 position-relative\">\n              <!---->\n              <!---->\n              <div class=\"w-100 h-y-container h-column__content h-column__v-align flex-basis-100 align-self-lg-start align-self-md-start align-self-start\">\n                <!---->\n                <div data-colibri-id=\"114-c5\" class=\"d-block style-475 style-local-114-c5 position-relative h-element\">\n                  <!---->\n                  <div class=\"h-image__frame-container-outer\">\n                    <div class=\"h-image__frame-container\">\n                      <!---->\n                      <!---->\n                      <img fetchpriority=\"high\" decoding=\"async\" width=\"1922\" height=\"1926\" src=\"https:\/\/katharina-schwarzkopf.de\/wp-content\/uploads\/2024\/04\/cropped-A90B8F53-0038-4529-A3E0-3C2CE4968BDB-scaled-2.jpeg\" class=\"wp-image-181 style-475-image style-local-114-c5-image\" alt=\"\" srcset=\"https:\/\/katharina-schwarzkopf.de\/wp-content\/uploads\/2024\/04\/cropped-A90B8F53-0038-4529-A3E0-3C2CE4968BDB-scaled-2.jpeg 1922w, https:\/\/katharina-schwarzkopf.de\/wp-content\/uploads\/2024\/04\/cropped-A90B8F53-0038-4529-A3E0-3C2CE4968BDB-scaled-2-300x300.jpeg 300w, https:\/\/katharina-schwarzkopf.de\/wp-content\/uploads\/2024\/04\/cropped-A90B8F53-0038-4529-A3E0-3C2CE4968BDB-scaled-2-1022x1024.jpeg 1022w, https:\/\/katharina-schwarzkopf.de\/wp-content\/uploads\/2024\/04\/cropped-A90B8F53-0038-4529-A3E0-3C2CE4968BDB-scaled-2-150x150.jpeg 150w, https:\/\/katharina-schwarzkopf.de\/wp-content\/uploads\/2024\/04\/cropped-A90B8F53-0038-4529-A3E0-3C2CE4968BDB-scaled-2-768x770.jpeg 768w, https:\/\/katharina-schwarzkopf.de\/wp-content\/uploads\/2024\/04\/cropped-A90B8F53-0038-4529-A3E0-3C2CE4968BDB-scaled-2-1533x1536.jpeg 1533w\" sizes=\"(max-width: 1922px) 100vw, 1922px\" \/>\n                      <div class=\"h-image__frame h-hide-lg h-hide-md h-hide-sm style-475-frameImage style-local-114-c5-frameImage\"><\/div>\n                    <\/div>\n                  <\/div>\n                <\/div>\n              <\/div>\n            <\/div>\n          <\/div>\n          <div class=\"h-column h-column-container d-flex h-col-lg-auto h-col-md-auto h-col-auto style-474-outer style-local-114-c6-outer\">\n            <div data-colibri-id=\"114-c6\" class=\"d-flex h-flex-basis h-column__inner h-px-lg-2 h-px-md-2 h-px-2 v-inner-lg-2 v-inner-md-2 v-inner-2 style-474 style-local-114-c6 position-relative\">\n              <!---->\n              <!---->\n              <div class=\"w-100 h-y-container h-column__content h-column__v-align flex-basis-100 align-self-lg-start align-self-md-start align-self-start\">\n                <!---->\n                <div data-colibri-id=\"114-c7\" class=\"h-text h-text-component style-476 style-local-114-c7 position-relative h-element\">\n                  <!---->\n                  <!---->\n                  <div class=\"\">\n                    <p>Jeder Mensch hat das Potenzial <em>gl\u00fccklich<\/em> zu sein und andere Menschen <em>gl\u00fccklich <\/em>zu machen.<\/p>\n                    <p>\n                      <br>\n                    <\/p>\n                  <\/div>\n                <\/div>\n                <div data-colibri-id=\"114-c8\" class=\"h-text h-text-component style-562 style-local-114-c8 position-relative h-element\">\n                  <!---->\n                  <!---->\n                  <div class=\"\">\n                    <p>Jeder Mensch m\u00f6chte mit anderen verbunden sein durch:<\/p>\n                  <\/div>\n                <\/div>\n                <div data-colibri-id=\"114-c9\" class=\"h-x-container style-574 style-local-114-c9 position-relative h-element\">\n                  <!---->\n                  <div class=\"h-x-container-inner style-dynamic-114-c9-group style-574-spacing style-local-114-c9-spacing\"><span class=\"h-button__outer style-575-outer style-local-114-c10-outer d-inline-flex h-element\"><a h-use-smooth-scroll=\"true\" href=\"https:\/\/katharina-schwarzkopf.de\/?page_id=874\"  data-colibri-id=\"114-c10\" class=\"d-flex w-100 align-items-center h-button justify-content-lg-center justify-content-md-center justify-content-center style-575 style-local-114-c10 position-relative\"><!----><!----> <span>Beziehungen<\/span><\/a>\n                    <\/span>\n                  <\/div>\n                <\/div>\n                <div data-colibri-id=\"114-c11\" class=\"h-x-container style-566 style-local-114-c11 position-relative h-element\">\n                  <!---->\n                  <div class=\"h-x-container-inner style-dynamic-114-c11-group style-566-spacing style-local-114-c11-spacing\"><span class=\"h-button__outer style-567-outer style-local-114-c12-outer d-inline-flex h-element\"><a h-use-smooth-scroll=\"true\" href=\"https:\/\/katharina-schwarzkopf.de\/?page_id=883\"  data-colibri-id=\"114-c12\" class=\"d-flex w-100 align-items-center h-button justify-content-lg-center justify-content-md-center justify-content-center style-567 style-local-114-c12 position-relative\"><!----><!----> <span>Selbstwirksamkeit<\/span><\/a>\n                    <\/span>\n                  <\/div>\n                <\/div>\n                <div data-colibri-id=\"114-c13\" class=\"h-x-container style-569 style-local-114-c13 position-relative h-element\">\n                  <!---->\n                  <div class=\"h-x-container-inner style-dynamic-114-c13-group style-569-spacing style-local-114-c13-spacing\"><span class=\"h-button__outer style-570-outer style-local-114-c14-outer d-inline-flex h-element\"><a h-use-smooth-scroll=\"true\" href=\"https:\/\/katharina-schwarzkopf.de\/?page_id=892\"  data-colibri-id=\"114-c14\" class=\"d-flex w-100 align-items-center h-button justify-content-lg-center justify-content-md-center justify-content-center style-570 style-local-114-c14 position-relative\"><!----><!----> <span>Menschlichkeit<\/span><\/a>\n                    <\/span>\n                  <\/div>\n                <\/div>\n              <\/div>\n            <\/div>\n          <\/div>\n        <\/div>\n      <\/div>\n      <div data-colibri-id=\"114-c15\" class=\"h-row-container gutters-row-lg-2 gutters-row-md-2 gutters-row-0 gutters-row-v-lg-2 gutters-row-v-md-2 gutters-row-v-2 style-499 style-local-114-c15 position-relative\">\n        <!---->\n        <div class=\"h-row justify-content-lg-center justify-content-md-center justify-content-center align-items-lg-stretch align-items-md-stretch align-items-stretch gutters-col-lg-2 gutters-col-md-2 gutters-col-0 gutters-col-v-lg-2 gutters-col-v-md-2 gutters-col-v-2\">\n          <!---->\n          <div class=\"h-column h-column-container d-flex h-col-lg-auto h-col-md-auto h-col-auto style-500-outer style-local-114-c16-outer\">\n            <div data-colibri-id=\"114-c16\" class=\"d-flex h-flex-basis h-column__inner h-px-lg-2 h-px-md-2 h-px-2 v-inner-lg-2 v-inner-md-2 v-inner-2 style-500 style-local-114-c16 position-relative\">\n              <!---->\n              <!---->\n              <div class=\"w-100 h-y-container h-column__content h-column__v-align flex-basis-100 align-self-lg-start align-self-md-start align-self-start\">\n                <!---->\n                <div data-colibri-id=\"114-c17\" class=\"h-global-transition-all h-heading style-501 style-local-114-c17 position-relative h-element\">\n                  <!---->\n                  <div class=\"h-heading__outer style-501 style-local-114-c17\">\n                    <!---->\n                    <!---->\n                    <h1 class=\"\">1+1=3<\/h1>\n                  <\/div>\n                <\/div>\n                <div data-colibri-id=\"114-c18\" class=\"h-text h-text-component style-502 style-local-114-c18 position-relative h-element\">\n                  <!---->\n                  <!---->\n                  <div class=\"\">\n                    <ul>\n                      <li>Indem wir &#8211; Du und Ich &#8211; gemeinsam spenden.<\/li>\n                      <li>Du \u00fcberweist das Geld an eine gemeinn\u00fctzige Organisation deiner Wahl, ich berate dich gerne daf\u00fcr.<\/li>\n                    <\/ul>\n                    <p>\n                      <br>\n                    <\/p>\n                  <\/div>\n                <\/div>\n              <\/div>\n            <\/div>\n          <\/div>\n        <\/div>\n      <\/div>\n    <\/div>\n  <\/div>\n  <div data-colibri-component=\"section\" data-colibri-id=\"114-c19\" id=\"custom-2\" class=\"h-section h-section-global-spacing d-flex align-items-lg-center align-items-md-center align-items-center style-443 style-local-114-c19 position-relative\">\n    <!---->\n    <!---->\n    <div class=\"h-section-grid-container h-section-boxed-container\">\n      <!---->\n      <div data-colibri-id=\"114-c20\" class=\"h-row-container gutters-row-lg-2 gutters-row-md-2 gutters-row-0 gutters-row-v-lg-2 gutters-row-v-md-2 gutters-row-v-2 style-444 style-local-114-c20 position-relative\">\n        <!---->\n        <div class=\"h-row justify-content-lg-center justify-content-md-center justify-content-center align-items-lg-stretch align-items-md-stretch align-items-stretch gutters-col-lg-2 gutters-col-md-2 gutters-col-0 gutters-col-v-lg-2 gutters-col-v-md-2 gutters-col-v-2\">\n          <!---->\n          <div class=\"h-column h-column-container d-flex h-col-lg-auto h-col-md-auto h-col-auto style-445-outer style-local-114-c21-outer\">\n            <div data-colibri-id=\"114-c21\" class=\"d-flex h-flex-basis h-column__inner h-px-lg-2 h-px-md-2 h-px-2 v-inner-lg-2 v-inner-md-2 v-inner-2 style-445 style-local-114-c21 position-relative\">\n              <!---->\n              <!---->\n              <div class=\"w-100 h-y-container h-column__content h-column__v-align flex-basis-100 align-self-lg-start align-self-md-start align-self-start\">\n                <!---->\n                <div data-colibri-id=\"114-c22\" class=\"h-lead h-text h-text-component style-447 style-local-114-c22 position-relative h-element\">\n                  <!---->\n                  <!---->\n                  <div class=\"\">\n                    <p>Kontakt:<\/p>\n                  <\/div>\n                <\/div>\n                <div data-colibri-id=\"114-c23\" class=\"h-lead h-text h-text-component style-448 style-local-114-c23 position-relative h-element\">\n                  <!---->\n                  <!---->\n                  <div class=\"\">\n                    <p><span style=\"font-weight: 300; font-size: 20px; font-family: &quot;Open Sans&quot;; color: rgb(37, 41, 42);\">Termine nach Vereinbarung<\/span>\n                      <br>\n                      <br><span style=\"font-weight: 300; font-size: 20px; font-family: &quot;Open Sans&quot;; color: rgb(37, 41, 42);\">Mail: info@katharina-schwarzkopf.de<\/span>\n                      <br><span style=\"font-weight: 300; font-size: 20px; font-family: &quot;Open Sans&quot;; color: rgb(37, 41, 42);\">Tel:&nbsp;01577 \u2013 87 97 927<\/span><\/p>\n                  <\/div>\n                <\/div>\n              <\/div>\n            <\/div>\n          <\/div>\n          <div class=\"h-column h-column-container d-flex h-col-lg-auto h-col-md-auto h-col-auto style-446-outer style-local-114-c24-outer\">\n            <div data-colibri-id=\"114-c24\" class=\"d-flex h-flex-basis h-column__inner h-px-lg-2 h-px-md-2 h-px-2 v-inner-lg-2 v-inner-md-2 v-inner-2 style-446 style-local-114-c24 position-relative\">\n              <!---->\n              <!---->\n              <div class=\"w-100 h-y-container h-column__content h-column__v-align flex-basis-100 align-self-lg-start align-self-md-start align-self-start\">\n                <!---->\n                <div data-colibri-id=\"114-c25\" class=\"h-lead h-text h-text-component style-449 style-local-114-c25 position-relative h-element\">\n                  <!---->\n                  <!---->\n                  <div class=\"\">\n                    <p>Rechtliches:<\/p>\n                  <\/div>\n                <\/div>\n                <div data-colibri-id=\"114-c26\" class=\"h-x-container style-452 style-local-114-c26 position-relative h-element\">\n                  <!---->\n                  <div class=\"h-x-container-inner style-dynamic-114-c26-group style-452-spacing style-local-114-c26-spacing\"><span class=\"h-link__outer style-453-outer style-local-114-c27-outer d-inline-flex h-element\"><a h-use-smooth-scroll=\"true\" href=\"https:\/\/katharina-schwarzkopf.de\/?page_id=650\"  data-colibri-id=\"114-c27\" class=\"d-flex w-100 align-items-center h-link style-453 style-local-114-c27 position-relative\"><!----><span  class=\"h-svg-icon h-link__icon style-453-icon style-local-114-c27-icon\"><!--Icon by Font Awesome (https:\/\/fontawesome.com)-->\n    <svg version=\"1.1\" xmlns=\"http:\/\/www.w3.org\/2000\/svg\" xmlns:xlink=\"http:\/\/www.w3.org\/1999\/xlink\" id=\"angle-double-right\" viewBox=\"0 0 1024 1896.0833\">\n      <path d=\"M595 960q0 13-10 23l-466 466q-10 10-23 10t-23-10l-50-50q-10-10-10-23t10-23l393-393L23 567q-10-10-10-23t10-23l50-50q10-10 23-10t23 10l466 466q10 10 10 23zm384 0q0 13-10 23l-466 466q-10 10-23 10t-23-10l-50-50q-10-10-10-23t10-23l393-393-393-393q-10-10-10-23t10-23l50-50q10-10 23-10t23 10l466 466q10 10 10 23z\"><\/path>\n    <\/svg><\/span> <span>Impressum<\/span><\/a>\n                    <\/span>\n                  <\/div>\n                <\/div>\n                <div data-colibri-id=\"114-c28\" class=\"h-x-container style-450 style-local-114-c28 position-relative h-element\">\n                  <!---->\n                  <div class=\"h-x-container-inner style-dynamic-114-c28-group style-450-spacing style-local-114-c28-spacing\"><span class=\"h-link__outer style-451-outer style-local-114-c29-outer d-inline-flex h-element\"><a h-use-smooth-scroll=\"true\" href=\"https:\/\/katharina-schwarzkopf.de\/?page_id=659\"  data-colibri-id=\"114-c29\" class=\"d-flex w-100 align-items-center h-link style-451 style-local-114-c29 position-relative\"><!----><span  class=\"h-svg-icon h-link__icon style-451-icon style-local-114-c29-icon\"><!--Icon by Font Awesome (https:\/\/fontawesome.com)-->\n    <svg version=\"1.1\" xmlns=\"http:\/\/www.w3.org\/2000\/svg\" xmlns:xlink=\"http:\/\/www.w3.org\/1999\/xlink\" id=\"angle-double-right\" viewBox=\"0 0 1024 1896.0833\">\n      <path d=\"M595 960q0 13-10 23l-466 466q-10 10-23 10t-23-10l-50-50q-10-10-10-23t10-23l393-393L23 567q-10-10-10-23t10-23l50-50q10-10 23-10t23 10l466 466q10 10 10 23zm384 0q0 13-10 23l-466 466q-10 10-23 10t-23-10l-50-50q-10-10-10-23t10-23l393-393-393-393q-10-10-10-23t10-23l50-50q10-10 23-10t23 10l466 466q10 10 10 23z\"><\/path>\n    <\/svg><\/span> <span>Datenschutz<\/span><\/a>\n                    <\/span>\n                  <\/div>\n                <\/div>\n              <\/div>\n            <\/div>\n          <\/div>\n        <\/div>\n      <\/div>\n    <\/div>\n  <\/div>\n<\/div>","protected":false},"excerpt":{"rendered":"<p>Jeder Mensch hat das Potenzial gl\u00fccklich zu sein und andere Menschen gl\u00fccklich zu machen. Jeder Mensch m\u00f6chte mit anderen verbunden sein durch: Beziehungen Selbstwirksamkeit Menschlichkeit 1+1=3 Indem wir &#8211; Du und Ich &#8211; gemeinsam spenden. Du \u00fcberweist das Geld an eine gemeinn\u00fctzige Organisation deiner Wahl, ich berate dich gerne daf\u00fcr. Kontakt: Termine nach Vereinbarung Mail: [&hellip;]<\/p>\n","protected":false},"author":1,"featured_media":0,"parent":0,"menu_order":0,"comment_status":"closed","ping_status":"closed","template":"page-templates\/full-width-page.php","meta":{"footnotes":""},"class_list":["post-114","page","type-page","status-publish","hentry"],"_links":{"self":[{"href":"https:\/\/katharina-schwarzkopf.de\/index.php?rest_route=\/wp\/v2\/pages\/114","targetHints":{"allow":["GET"]}}],"collection":[{"href":"https:\/\/katharina-schwarzkopf.de\/index.php?rest_route=\/wp\/v2\/pages"}],"about":[{"href":"https:\/\/katharina-schwarzkopf.de\/index.php?rest_route=\/wp\/v2\/types\/page"}],"author":[{"embeddable":true,"href":"https:\/\/katharina-schwarzkopf.de\/index.php?rest_route=\/wp\/v2\/users\/1"}],"replies":[{"embeddable":true,"href":"https:\/\/katharina-schwarzkopf.de\/index.php?rest_route=%2Fwp%2Fv2%2Fcomments&post=114"}],"version-history":[{"count":20,"href":"https:\/\/katharina-schwarzkopf.de\/index.php?rest_route=\/wp\/v2\/pages\/114\/revisions"}],"predecessor-version":[{"id":1410,"href":"https:\/\/katharina-schwarzkopf.de\/index.php?rest_route=\/wp\/v2\/pages\/114\/revisions\/1410"}],"wp:attachment":[{"href":"https:\/\/katharina-schwarzkopf.de\/index.php?rest_route=%2Fwp%2Fv2%2Fmedia&parent=114"}],"curies":[{"name":"wp","href":"https:\/\/api.w.org\/{rel}","templated":true}]}}