{"id":105,"date":"2024-04-16T18:33:47","date_gmt":"2024-04-16T16:33:47","guid":{"rendered":"https:\/\/ks.computerberater.de\/?page_id=105"},"modified":"2025-11-20T12:50:58","modified_gmt":"2025-11-20T11:50:58","slug":"vita","status":"publish","type":"page","link":"https:\/\/katharina-schwarzkopf.de\/?page_id=105","title":{"rendered":"Vita"},"content":{"rendered":"<div data-colibri-id=\"105-c1\" class=\"style-198 style-local-105-c1 position-relative\">\n  <!---->\n  <div data-colibri-component=\"section\" data-colibri-id=\"105-c2\" id=\"content\" class=\"h-section h-section-global-spacing d-flex align-items-lg-center align-items-md-center align-items-center style-282 style-local-105-c2 position-relative\">\n    <!---->\n    <!---->\n    <div class=\"h-section-grid-container h-section-fluid-container\">\n      <!---->\n      <div data-colibri-id=\"105-c3\" class=\"h-row-container gutters-row-lg-3 gutters-row-md-2 gutters-row-2 gutters-row-v-lg-3 gutters-row-v-md-2 gutters-row-v-3 style-283 style-local-105-c3 position-relative\">\n        <!---->\n        <div class=\"h-row justify-content-lg-center justify-content-md-center justify-content-center align-items-lg-stretch align-items-md-stretch align-items-stretch gutters-col-lg-3 gutters-col-md-2 gutters-col-2 gutters-col-v-lg-3 gutters-col-v-md-2 gutters-col-v-3\">\n          <!---->\n          <div class=\"h-column h-column-container d-flex h-col-lg-auto h-col-md-auto h-col-auto style-284-outer style-local-105-c4-outer\">\n            <div data-colibri-id=\"105-c4\" class=\"d-flex h-flex-basis h-column__inner h-px-lg-0 h-px-md-2 h-px-0 v-inner-lg-0 v-inner-md-2 v-inner-0 style-284 style-local-105-c4 position-relative\">\n              <!---->\n              <!---->\n              <div class=\"w-100 h-y-container h-column__content h-column__v-align flex-basis-100 align-self-lg-center align-self-md-center align-self-center\">\n                <!---->\n                <div data-colibri-id=\"105-c5\" class=\"d-block style-285 style-local-105-c5 position-relative h-element\">\n                  <!---->\n                  <div class=\"h-image__frame-container-outer\">\n                    <div class=\"h-image__frame-container\">\n                      <!---->\n                      <!---->\n                      <img fetchpriority=\"high\" decoding=\"async\" width=\"1921\" height=\"1925\" src=\"https:\/\/katharina-schwarzkopf.de\/wp-content\/uploads\/2024\/04\/cropped-308EAF24-AC4C-4670-B614-C905140C75D0-scaled-1.jpeg\" class=\"wp-image-227 style-285-image style-local-105-c5-image\" alt=\"\" srcset=\"https:\/\/katharina-schwarzkopf.de\/wp-content\/uploads\/2024\/04\/cropped-308EAF24-AC4C-4670-B614-C905140C75D0-scaled-1.jpeg 1921w, https:\/\/katharina-schwarzkopf.de\/wp-content\/uploads\/2024\/04\/cropped-308EAF24-AC4C-4670-B614-C905140C75D0-scaled-1-300x300.jpeg 300w, https:\/\/katharina-schwarzkopf.de\/wp-content\/uploads\/2024\/04\/cropped-308EAF24-AC4C-4670-B614-C905140C75D0-scaled-1-1022x1024.jpeg 1022w, https:\/\/katharina-schwarzkopf.de\/wp-content\/uploads\/2024\/04\/cropped-308EAF24-AC4C-4670-B614-C905140C75D0-scaled-1-150x150.jpeg 150w, https:\/\/katharina-schwarzkopf.de\/wp-content\/uploads\/2024\/04\/cropped-308EAF24-AC4C-4670-B614-C905140C75D0-scaled-1-768x770.jpeg 768w, https:\/\/katharina-schwarzkopf.de\/wp-content\/uploads\/2024\/04\/cropped-308EAF24-AC4C-4670-B614-C905140C75D0-scaled-1-1533x1536.jpeg 1533w\" sizes=\"(max-width: 1921px) 100vw, 1921px\" \/>\n                      <div class=\"h-image__frame h-hide-sm style-285-frameImage style-local-105-c5-frameImage\"><\/div>\n                    <\/div>\n                  <\/div>\n                <\/div>\n              <\/div>\n            <\/div>\n          <\/div>\n          <div class=\"h-column h-column-container d-flex h-col-lg-auto h-col-md-auto h-col-auto style-286-outer style-local-105-c6-outer\">\n            <div data-colibri-id=\"105-c6\" class=\"d-flex h-flex-basis h-column__inner h-px-lg-0 h-px-md-0 h-px-2 v-inner-lg-0 v-inner-md-0 v-inner-2 style-286 style-local-105-c6 position-relative\">\n              <!---->\n              <!---->\n              <div class=\"w-100 h-y-container h-column__content h-column__v-align flex-basis-100 align-self-lg-center align-self-md-center align-self-center\">\n                <!---->\n                <div data-colibri-id=\"105-c7\" class=\"h-global-transition-all h-heading style-287 style-local-105-c7 position-relative h-element\">\n                  <!---->\n                  <div class=\"h-heading__outer style-287 style-local-105-c7\">\n                    <!---->\n                    <!---->\n                    <h2 class=\"\">Meine Vita&#8230;<\/h2>\n                  <\/div>\n                <\/div>\n                <div data-colibri-id=\"105-c8\" class=\"h-lead h-text h-text-component style-288 style-local-105-c8 position-relative h-element\">\n                  <!---->\n                  <!---->\n                  <div class=\"\">\n                    <p>Ich bin Katharina Schwarzkopf.\n                      <br>\n                    <\/p>\n                    <p>Wie sch\u00f6n, dass dich dein Weg zu mir f\u00fchrt!&nbsp;<\/p>\n                  <\/div>\n                <\/div>\n              <\/div>\n            <\/div>\n          <\/div>\n        <\/div>\n      <\/div>\n    <\/div>\n  <\/div>\n  <div data-colibri-component=\"section\" data-colibri-id=\"105-c9\" id=\"custom-2\" class=\"h-section h-section-global-spacing d-flex align-items-lg-center align-items-md-center align-items-center style-292 style-local-105-c9 position-relative\">\n    <!---->\n    <!---->\n    <div class=\"h-section-grid-container h-section-boxed-container\">\n      <!---->\n      <div data-colibri-id=\"105-c10\" class=\"h-row-container gutters-row-lg-2 gutters-row-md-2 gutters-row-0 gutters-row-v-lg-2 gutters-row-v-md-2 gutters-row-v-2 style-293 style-local-105-c10 position-relative\">\n        <!---->\n        <div class=\"h-row justify-content-lg-center justify-content-md-center justify-content-center align-items-lg-stretch align-items-md-stretch align-items-stretch gutters-col-lg-2 gutters-col-md-2 gutters-col-0 gutters-col-v-lg-2 gutters-col-v-md-2 gutters-col-v-2\">\n          <!---->\n          <div class=\"h-column h-column-container d-flex h-col-lg-auto h-col-md-auto h-col-auto style-294-outer style-local-105-c11-outer\">\n            <div data-colibri-id=\"105-c11\" class=\"d-flex h-flex-basis h-column__inner h-px-lg-2 h-px-md-2 h-px-2 v-inner-lg-2 v-inner-md-2 v-inner-2 style-294 style-local-105-c11 position-relative\">\n              <!---->\n              <!---->\n              <div class=\"w-100 h-y-container h-column__content h-column__v-align flex-basis-100 align-self-lg-start align-self-md-start align-self-start\">\n                <!---->\n                <div data-colibri-id=\"105-c12\" class=\"h-text h-text-component style-296 style-local-105-c12 position-relative h-element\">\n                  <!---->\n                  <!---->\n                  <div class=\"\">\n                    <p>Seit 2015 arbeite ich als Lehrerin an einer Gesamtschule und seit 2019 zus\u00e4tzlich als Sonderp\u00e4dagogin.<\/p>\n                    <p>Mein Weg zur psychologischen Beraterin entspringt meiner Leidenschaft f\u00fcr das Zwischenmenschliche und ich freue mich darauf, dich kennenlernen zu d\u00fcrfen.&nbsp;<\/p>\n                    <p>Seit vielen Jahren fasziniert mich die Psychologie. Durch meinen Beruf als Lehrerin habe ich feststellen d\u00fcrfen, dass ich nicht nur eine gute P\u00e4dagogin bin, sondern auch meine Kompetenzen in anlassbezogenen Beratungsgespr\u00e4chen mit\n                      Sch\u00fcler*innen und Erziehungsberechtigten einbringen sowie weiterentwickeln konnte. Daraus resultierend habe ich mich intensiv mit psychologischen Themen auseinandergesetzt \u2013 und einen weiteren wichtigen Schritt f\u00fcr mich verfolgt:\n                      Eine Ausbildung zur psychologischen Beraterin.&nbsp;<\/p>\n                    <p>Die Arbeit mit Kindern und Jugendlichen sowie mit Erwachsenen erf\u00fcllt mich mit Freude; insbesondere dann, wenn ich sie in herausfordernden Lebensphasen unterst\u00fctzen darf.&nbsp;<\/p>\n                    <p>\n                      <br>\n                    <\/p>\n                    <ul>\n                      <li>2025 Ausbildung zur Akmeologin<\/li>\n                      <li>2024 Ausbildung zur Entspannungsp\u00e4dagogin&nbsp;<span style=\"color: rgb(255, 255, 255); font-family: &quot;Open Sans&quot;; font-size: 16px; font-weight: 400;\">(Bildungswerk f\u00fcr therapeutische Berufe)<\/span><\/li>\n                      <li><span style=\"color: rgb(255, 255, 255); font-family: &quot;Open Sans&quot;; font-size: 16px; font-weight: 400;\">2024 Ausbildung zur Qigong Kursleiterin (Akademie f\u00fcr Sport und Gesundheit)<\/span><\/li>\n                      <li>2023 Ausbildung zur Tanz- und Bewegungsp\u00e4dagogin bei Terramedus (Akademie f\u00fcr Gesundheit)<\/li>\n                      <li>2022 Ausbildung zur psychologischen Beraterin bei BTB (Bildungswerk f\u00fcr therapeutische Berufe)<\/li>\n                      <li>2017 &#8211; 2019 abgeschlossene berufsbegleitende Ausbildung zur Sonderp\u00e4dagogin\n                        <br>\n                      <\/li>\n                      <li>Seit 2015 Verbeamtete Lehrerin an einer Gesamtschule&nbsp;<\/li>\n                      <li>2012- 2013 Referendariat, 2. Staatsexamen&nbsp;<\/li>\n                      <li>2007 \u2013 2012 Lehramtsstudium an der Universit\u00e4t Kassel f\u00fcr die Sekundarstufe I, 1. Staatsexamen<\/li>\n                    <\/ul>\n                    <p>\n                      <br>\n                    <\/p>\n                  <\/div>\n                <\/div>\n              <\/div>\n            <\/div>\n          <\/div>\n        <\/div>\n      <\/div>\n    <\/div>\n  <\/div>\n  <div data-colibri-component=\"section\" data-colibri-id=\"105-c13\" id=\"custom-3\" class=\"h-section h-section-global-spacing d-flex align-items-lg-center align-items-md-center align-items-center style-454 style-local-105-c13 position-relative\">\n    <!---->\n    <!---->\n    <div class=\"h-section-grid-container h-section-boxed-container\">\n      <!---->\n      <div data-colibri-id=\"105-c14\" class=\"h-row-container gutters-row-lg-2 gutters-row-md-2 gutters-row-0 gutters-row-v-lg-2 gutters-row-v-md-2 gutters-row-v-2 style-455 style-local-105-c14 position-relative\">\n        <!---->\n        <div class=\"h-row justify-content-lg-center justify-content-md-center justify-content-center align-items-lg-stretch align-items-md-stretch align-items-stretch gutters-col-lg-2 gutters-col-md-2 gutters-col-0 gutters-col-v-lg-2 gutters-col-v-md-2 gutters-col-v-2\">\n          <!---->\n          <div class=\"h-column h-column-container d-flex h-col-lg-auto h-col-md-auto h-col-auto style-456-outer style-local-105-c15-outer\">\n            <div data-colibri-id=\"105-c15\" class=\"d-flex h-flex-basis h-column__inner h-px-lg-2 h-px-md-2 h-px-2 v-inner-lg-2 v-inner-md-2 v-inner-2 style-456 style-local-105-c15 position-relative\">\n              <!---->\n              <!---->\n              <div class=\"w-100 h-y-container h-column__content h-column__v-align flex-basis-100 align-self-lg-start align-self-md-start align-self-start\">\n                <!---->\n                <div data-colibri-id=\"105-c16\" class=\"h-lead h-text h-text-component style-415 style-local-105-c16 position-relative h-element\">\n                  <!---->\n                  <!---->\n                  <div class=\"\">\n                    <p>Kontakt:<\/p>\n                  <\/div>\n                <\/div>\n                <div data-colibri-id=\"105-c17\" class=\"h-lead h-text h-text-component style-414 style-local-105-c17 position-relative h-element\">\n                  <!---->\n                  <!---->\n                  <div class=\"\">\n                    <p><span style=\"font-weight: 300; font-size: 20px; font-family: &quot;Open Sans&quot;; color: rgb(37, 41, 42);\">Termine nach Vereinbarung<\/span>\n                      <br>\n                      <br><span style=\"font-weight: 300; font-size: 20px; font-family: &quot;Open Sans&quot;; color: rgb(37, 41, 42);\">Mail: info@katharina-schwarzkopf.de<\/span>\n                      <br><span style=\"font-weight: 300; font-size: 20px; font-family: &quot;Open Sans&quot;; color: rgb(37, 41, 42);\">Telefon: 01577 \u2013 87 97 927<\/span><\/p>\n                  <\/div>\n                <\/div>\n              <\/div>\n            <\/div>\n          <\/div>\n          <div class=\"h-column h-column-container d-flex h-col-lg-auto h-col-md-auto h-col-auto style-457-outer style-local-105-c18-outer\">\n            <div data-colibri-id=\"105-c18\" class=\"d-flex h-flex-basis h-column__inner h-px-lg-2 h-px-md-2 h-px-2 v-inner-lg-2 v-inner-md-2 v-inner-2 style-457 style-local-105-c18 position-relative\">\n              <!---->\n              <!---->\n              <div class=\"w-100 h-y-container h-column__content h-column__v-align flex-basis-100 align-self-lg-start align-self-md-start align-self-start\">\n                <!---->\n                <div data-colibri-id=\"105-c19\" class=\"h-lead h-text h-text-component style-416 style-local-105-c19 position-relative h-element\">\n                  <!---->\n                  <!---->\n                  <div class=\"\">\n                    <p>Rechtliches:<\/p>\n                  <\/div>\n                <\/div>\n                <div data-colibri-id=\"105-c20\" class=\"h-x-container style-419 style-local-105-c20 position-relative h-element\">\n                  <!---->\n                  <div class=\"h-x-container-inner style-dynamic-105-c20-group style-419-spacing style-local-105-c20-spacing\"><span class=\"h-link__outer style-420-outer style-local-105-c21-outer d-inline-flex h-element\"><a h-use-smooth-scroll=\"true\" href=\"https:\/\/katharina-schwarzkopf.de\/?page_id=650\"  data-colibri-id=\"105-c21\" class=\"d-flex w-100 align-items-center h-link style-420 style-local-105-c21 position-relative\"><!----><span  class=\"h-svg-icon h-link__icon style-420-icon style-local-105-c21-icon\"><!--Icon by Font Awesome (https:\/\/fontawesome.com)-->\n    <svg version=\"1.1\" xmlns=\"http:\/\/www.w3.org\/2000\/svg\" xmlns:xlink=\"http:\/\/www.w3.org\/1999\/xlink\" id=\"angle-double-right\" viewBox=\"0 0 1024 1896.0833\">\n      <path d=\"M595 960q0 13-10 23l-466 466q-10 10-23 10t-23-10l-50-50q-10-10-10-23t10-23l393-393L23 567q-10-10-10-23t10-23l50-50q10-10 23-10t23 10l466 466q10 10 10 23zm384 0q0 13-10 23l-466 466q-10 10-23 10t-23-10l-50-50q-10-10-10-23t10-23l393-393-393-393q-10-10-10-23t10-23l50-50q10-10 23-10t23 10l466 466q10 10 10 23z\"><\/path>\n    <\/svg><\/span> <span>Impressum<\/span><\/a>\n                    <\/span>\n                  <\/div>\n                <\/div>\n                <div data-colibri-id=\"105-c22\" class=\"h-x-container style-417 style-local-105-c22 position-relative h-element\">\n                  <!---->\n                  <div class=\"h-x-container-inner style-dynamic-105-c22-group style-417-spacing style-local-105-c22-spacing\"><span class=\"h-link__outer style-418-outer style-local-105-c23-outer d-inline-flex h-element\"><a h-use-smooth-scroll=\"true\" href=\"https:\/\/katharina-schwarzkopf.de\/?page_id=659\"  data-colibri-id=\"105-c23\" class=\"d-flex w-100 align-items-center h-link style-418 style-local-105-c23 position-relative\"><!----><span  class=\"h-svg-icon h-link__icon style-418-icon style-local-105-c23-icon\"><!--Icon by Font Awesome (https:\/\/fontawesome.com)-->\n    <svg version=\"1.1\" xmlns=\"http:\/\/www.w3.org\/2000\/svg\" xmlns:xlink=\"http:\/\/www.w3.org\/1999\/xlink\" id=\"angle-double-right\" viewBox=\"0 0 1024 1896.0833\">\n      <path d=\"M595 960q0 13-10 23l-466 466q-10 10-23 10t-23-10l-50-50q-10-10-10-23t10-23l393-393L23 567q-10-10-10-23t10-23l50-50q10-10 23-10t23 10l466 466q10 10 10 23zm384 0q0 13-10 23l-466 466q-10 10-23 10t-23-10l-50-50q-10-10-10-23t10-23l393-393-393-393q-10-10-10-23t10-23l50-50q10-10 23-10t23 10l466 466q10 10 10 23z\"><\/path>\n    <\/svg><\/span> <span>Datenschutz<\/span><\/a>\n                    <\/span>\n                  <\/div>\n                <\/div>\n              <\/div>\n            <\/div>\n          <\/div>\n        <\/div>\n      <\/div>\n    <\/div>\n  <\/div>\n<\/div>","protected":false},"excerpt":{"rendered":"<p>Meine Vita&#8230; Ich bin Katharina Schwarzkopf. Wie sch\u00f6n, dass dich dein Weg zu mir f\u00fchrt!&nbsp; Seit 2015 arbeite ich als Lehrerin an einer Gesamtschule und seit 2019 zus\u00e4tzlich als Sonderp\u00e4dagogin. Mein Weg zur psychologischen Beraterin entspringt meiner Leidenschaft f\u00fcr das Zwischenmenschliche und ich freue mich darauf, dich kennenlernen zu d\u00fcrfen.&nbsp; Seit vielen Jahren fasziniert mich [&hellip;]<\/p>\n","protected":false},"author":1,"featured_media":0,"parent":0,"menu_order":0,"comment_status":"closed","ping_status":"closed","template":"page-templates\/full-width-page.php","meta":{"footnotes":""},"class_list":["post-105","page","type-page","status-publish","hentry"],"_links":{"self":[{"href":"https:\/\/katharina-schwarzkopf.de\/index.php?rest_route=\/wp\/v2\/pages\/105","targetHints":{"allow":["GET"]}}],"collection":[{"href":"https:\/\/katharina-schwarzkopf.de\/index.php?rest_route=\/wp\/v2\/pages"}],"about":[{"href":"https:\/\/katharina-schwarzkopf.de\/index.php?rest_route=\/wp\/v2\/types\/page"}],"author":[{"embeddable":true,"href":"https:\/\/katharina-schwarzkopf.de\/index.php?rest_route=\/wp\/v2\/users\/1"}],"replies":[{"embeddable":true,"href":"https:\/\/katharina-schwarzkopf.de\/index.php?rest_route=%2Fwp%2Fv2%2Fcomments&post=105"}],"version-history":[{"count":20,"href":"https:\/\/katharina-schwarzkopf.de\/index.php?rest_route=\/wp\/v2\/pages\/105\/revisions"}],"predecessor-version":[{"id":1531,"href":"https:\/\/katharina-schwarzkopf.de\/index.php?rest_route=\/wp\/v2\/pages\/105\/revisions\/1531"}],"wp:attachment":[{"href":"https:\/\/katharina-schwarzkopf.de\/index.php?rest_route=%2Fwp%2Fv2%2Fmedia&parent=105"}],"curies":[{"name":"wp","href":"https:\/\/api.w.org\/{rel}","templated":true}]}}